{"id":376,"date":"2021-06-10T10:55:40","date_gmt":"2021-06-10T08:55:40","guid":{"rendered":"https:\/\/mariaisabel.mdrurales.com\/?page_id=376"},"modified":"2021-10-01T12:27:21","modified_gmt":"2021-10-01T10:27:21","slug":"padre-arnaiz","status":"publish","type":"page","link":"https:\/\/mariaisabel.mdrurales.com\/?page_id=376","title":{"rendered":"VIDA DEL P. ARNAIZ"},"content":{"rendered":"<div id=\"pl-376\"  class=\"panel-layout\" ><div id=\"pg-376-0\"  class=\"panel-grid panel-has-style\" ><div class=\"siteorigin-panels-stretch panel-row-style panel-row-style-for-376-0\" data-stretch-type=\"full-stretched\" ><div id=\"pgc-376-0-0\"  class=\"panel-grid-cell\" ><div id=\"panel-376-0-0-0\" class=\"so-panel widget widget_sow-hero panel-first-child panel-last-child\" data-index=\"0\" ><div\n\t\t\t\n\t\t\tclass=\"so-widget-sow-hero so-widget-sow-hero-default-372a2a279575-376 so-widget-fittext-wrapper\"\n\t\t\t data-fit-text-compressor=\"0.85\"\n\t\t>\t\t\t\t<div class=\"sow-slider-base\" style=\"display: none\" tabindex=\"0\">\n\t\t\t\t\t<ul\n\t\t\t\t\tclass=\"sow-slider-images\"\n\t\t\t\t\tdata-settings=\"{&quot;pagination&quot;:true,&quot;speed&quot;:800,&quot;timeout&quot;:8000,&quot;paused&quot;:false,&quot;pause_on_hover&quot;:false,&quot;swipe&quot;:true,&quot;nav_always_show_desktop&quot;:&quot;&quot;,&quot;nav_always_show_mobile&quot;:&quot;&quot;,&quot;breakpoint&quot;:&quot;780px&quot;,&quot;unmute&quot;:false,&quot;anchor&quot;:null}\"\n\t\t\t\t\tstyle=\"min-height: 400px\"\t\t\t\t\tdata-anchor-id=\"\"\n\t\t\t\t>\t\t<li class=\"sow-slider-image  sow-slider-image-cover\" style=\"visibility: visible;;background-color: #333333;background-image: url(https:\/\/mariaisabel.mdrurales.com\/wp-content\/uploads\/2021\/06\/0280_0001-e1631198013979.jpg)\" >\n\t\t\t\t\t<div class=\"sow-slider-image-container\">\n\t\t\t<div class=\"sow-slider-image-wrapper\">\n\t\t\t\t<h2>&nbsp;<\/h2>\n<p>&nbsp;<\/p>\n<p>&nbsp;<\/p>\n<p>&nbsp;<\/p>\n<p>&nbsp;<\/p>\n<h2 style=\"text-align: left\"><strong>PADRE ARNAIZ S.J.<\/strong><\/h2>\n<h2 style=\"text-align: left\"><strong>Ap\u00f3stol del Coraz\u00f3n de Cristo<\/strong><\/h2>\n\t\t\t<\/div>\n\t\t<\/div>\n\t\t\t\t<\/li>\n\t\t<\/ul>\t\t\t\t<ol class=\"sow-slider-pagination\">\n\t\t\t\t\t\t\t\t\t\t\t<li><a href=\"#\" data-goto=\"0\" aria-label=\"mostrar diapositiva 1\"><\/a><\/li>\n\t\t\t\t\t\t\t\t\t<\/ol>\n\n\t\t\t\t<div class=\"sow-slide-nav sow-slide-nav-next\">\n\t\t\t\t\t<a href=\"#\" data-goto=\"next\" aria-label=\"diapositiva siguiente\" data-action=\"next\">\n\t\t\t\t\t\t<em class=\"sow-sld-icon-thin-right\"><\/em>\n\t\t\t\t\t<\/a>\n\t\t\t\t<\/div>\n\n\t\t\t\t<div class=\"sow-slide-nav sow-slide-nav-prev\">\n\t\t\t\t\t<a href=\"#\" data-goto=\"previous\" aria-label=\"diapositiva anterior\" data-action=\"prev\">\n\t\t\t\t\t\t<em class=\"sow-sld-icon-thin-left\"><\/em>\n\t\t\t\t\t<\/a>\n\t\t\t\t<\/div>\n\t\t\t\t<\/div><\/div><\/div><\/div><\/div><\/div><div id=\"pg-376-1\"  class=\"panel-grid panel-no-style\" ><div id=\"pgc-376-1-0\"  class=\"panel-grid-cell panel-grid-cell-empty\" ><\/div><div id=\"pgc-376-1-1\"  class=\"panel-grid-cell panel-grid-cell-mobile-last\" ><div id=\"panel-376-1-1-0\" class=\"so-panel widget widget_sow-editor panel-first-child panel-last-child\" data-index=\"1\" ><div\n\t\t\t\n\t\t\tclass=\"so-widget-sow-editor so-widget-sow-editor-base\"\n\t\t\t\n\t\t>\n<div class=\"siteorigin-widget-tinymce textwidget\">\n\t<div id=\"attachment_378\" style=\"width: 252px\" class=\"wp-caption alignleft\"><img aria-describedby=\"caption-attachment-378\" loading=\"lazy\" decoding=\"async\" class=\"wp-image-378 \" src=\"https:\/\/mariaisabel.mdrurales.com\/wp-content\/uploads\/2021\/06\/2-sacerdote-foto-e1623257250182-206x300.jpg\" alt=\"En sus primeros a\u00f1os de sacerdote\" width=\"242\" height=\"352\" srcset=\"https:\/\/mariaisabel.mdrurales.com\/wp-content\/uploads\/2021\/06\/2-sacerdote-foto-e1623257250182-206x300.jpg 206w, https:\/\/mariaisabel.mdrurales.com\/wp-content\/uploads\/2021\/06\/2-sacerdote-foto-e1623257250182.jpg 273w\" sizes=\"auto, (max-width: 242px) 100vw, 242px\" \/><p id=\"caption-attachment-378\" class=\"wp-caption-text\">En sus primeros a\u00f1os de sacerdote<\/p><\/div>\n<p>Naci\u00f3 el Beato Tiburcio Arnaiz Mu\u00f1oz en Valladolid el 11 de agosto del a\u00f1o 1865 en la calle Panaderos n\u00ba 23.Muy pronto qued\u00f3 hu\u00e9rfano de padre, en agosto de 1870 falleci\u00f3 el Sr. Ezequiel, que se hab\u00eda ganado la vida con su modesto taller de tejedor. Esta circunstancia marc\u00f3 su infancia, propia de una familia con apuros econ\u00f3micos, teniendo su madre que arregl\u00e1rselas para sacar adelante a sus dos hijos, nuestro Tiburcio y Gregoria siete a\u00f1os mayor que \u00e9l.<\/p>\n<p>Muy joven entr\u00f3 en el <strong>Seminario <\/strong>de la ciudad, primero como interno y, posteriormente, pernoctando en su casa, a cuya modesta econom\u00eda ayudaba con lo que percib\u00eda como sacrist\u00e1n del Convento de S. Felipe de la Penitencia de las Monjas Dominicas. As\u00ed le lleg\u00f3 el d\u00eda de su ordenaci\u00f3n sacerdotal el 20 de abril de 1890. Durante tres a\u00f1os desempe\u00f1\u00f3 el cargo de <strong>P\u00e1rroco<\/strong> en Villanueva de Duero, peque\u00f1o pueblecito cercano a Valladolid. Alentado por unos compa\u00f1eros hizo oposiciones, siguiendo la costumbre de la \u00e9poca, a otra parroquia de m\u00e1s entidad, y consigui\u00f3 la de Poyales del Hoyo, de la Di\u00f3cesis y Provincia de \u00c1vila. Animado nuevamente por uno de sus amigos sacerdotes, obtuvo el <strong>Doctorado en Teolog\u00eda<\/strong> en la Di\u00f3cesis Primada de Toledo el 19 de diciembre de 1896.<\/p>\n<p>&nbsp;<\/p>\n<h2 style=\"text-align: center;\"><strong><span style=\"color: #333399;\">EN LA COMPA\u00d1\u00cdA DE JES\u00daS<\/span><\/strong><\/h2>\n<p>La muerte de su madre, acaecida en Poyales del Hoyo le llev\u00f3 a plantearse, junto con su hermana Gregoria, la vocaci\u00f3n religiosa. \u00c9l se har\u00eda jesuita y ella ingresar\u00eda en el Convento de las Dominicas, donde Tiburcio hab\u00eda sido sacrist\u00e1n mientras estudiaba en el Seminario. Despu\u00e9s de nueve a\u00f1os de p\u00e1rroco en Poyales de Hoyo, el 30 de marzo de 1902 ingres\u00f3 en el <strong>Noviciado de la Compa\u00f1\u00eda de Jes\u00fas<\/strong> en Granada.<\/p>\n<p><img loading=\"lazy\" decoding=\"async\" class=\"alignright wp-image-380 size-full\" src=\"https:\/\/mariaisabel.mdrurales.com\/wp-content\/uploads\/2021\/06\/5-con-manteo-e1623314460733.jpg\" alt=\"\" width=\"212\" height=\"293\"\/><\/p>\n<p>En la Compa\u00f1\u00eda de Jes\u00fas, el Noviciado se prolonga por espacio de dos a\u00f1os. Terminados \u00e9stos, el P. Arnaiz, siguiendo la norma habitual cuando un nuevo jesuita entraba en la Compa\u00f1\u00eda siendo ya sacerdote, dedic\u00f3 unos a\u00f1os m\u00e1s a perfeccionar los estudios de Filosof\u00eda y Teolog\u00eda; a la vez ejerc\u00eda el cargo de Superior de los otros escolares de estas materias que a\u00fan no hab\u00edan recibido las \u00d3rdenes Sagradas. Tambi\u00e9n se estren\u00f3 en dirigir Ejercicios Espirituales a sacerdotes del clero diocesano y alguna que otra misi\u00f3n por los pueblos cercanos a Granada, dejando ya fama de santidad entre sus oyentes, como contaba el P\u00e1rroco de Otura, cuando el novel misionero dej\u00f3 su pueblo enfervorizado.<\/p>\n<p>Fue destinado a la ciudad de Murcia, en septiembre de 1909. All\u00ed, con la libertad que le daba estar ya fuera de la casa de formaci\u00f3n y ser uno m\u00e1s entre los dedicados a los ministerios propios de los hijos de &nbsp;S. Ignacio, comenz\u00f3 a se\u00f1alarse por su entrega sin l\u00edmites, abnegaci\u00f3n propia, trabajo exhaustivo y celo extraordinario por la salvaci\u00f3n de las almas, cualidades que en un grado eminente fueron forjando su car\u00e1cter de ap\u00f3stol.<\/p>\n<p>En 1911 lleg\u00f3 a Loyola, donde hizo lo que los Jesuitas llaman <strong>Tercera Probaci\u00f3n<\/strong>, es decir, un a\u00f1o que se dedica al cultivo de la vida espiritual, al estudio de las Constituciones dejadas por S. Ignacio, y dem\u00e1s documentos oficiales de la Orden. Sin embargo no termin\u00f3 el curso completo, sino que, al interrumpirlo durante la cuaresma con unas semanas de predicaci\u00f3n y otros ministerios sacerdotales seg\u00fan prescribe dicha experiencia que \u00e9l hizo en C\u00e1diz y en Canarias, lo destinaron a M\u00e1laga, y acab\u00f3 as\u00ed para \u00e9l la Tercera Probaci\u00f3n.<\/p>\n<h2 style=\"text-align: center;\"><strong><span style=\"color: #333399;\">EN M\u00c1LAGA<\/span><\/strong><\/h2>\n<p>All\u00ed hab\u00eda de ser donde el P. Arnaiz se manifestase tal como era por dentro y apareciese el hombre de Dios santo, olvidado de s\u00ed mismo en una b\u00fasqueda de los hijos de Dios descarriados llena de amor, y por lo&nbsp; tanto, agotadora y creativa, y original en sus m\u00e9todos.<\/p>\n<div style=\"width: 310px\" class=\"wp-caption alignleft\"><img loading=\"lazy\" decoding=\"async\" class=\"size-medium wp-image-387\" src=\"https:\/\/mariaisabel.mdrurales.com\/wp-content\/uploads\/2021\/06\/malaga-antigua-300x188.jpg\" alt=\"Vista de M\u00e1laga a principios del siglo XX\" width=\"300\" height=\"188\" srcset=\"https:\/\/mariaisabel.mdrurales.com\/wp-content\/uploads\/2021\/06\/malaga-antigua-300x188.jpg 300w, https:\/\/mariaisabel.mdrurales.com\/wp-content\/uploads\/2021\/06\/malaga-antigua-768x480.jpg 768w, https:\/\/mariaisabel.mdrurales.com\/wp-content\/uploads\/2021\/06\/malaga-antigua-436x272.jpg 436w, https:\/\/mariaisabel.mdrurales.com\/wp-content\/uploads\/2021\/06\/malaga-antigua.jpg 960w\" sizes=\"auto, (max-width: 300px) 100vw, 300px\" \/><p class=\"wp-caption-text\">Vista de M\u00e1laga a principios del siglo XX<\/p><\/div>\n<p>&nbsp;Su primera ocupaci\u00f3n por espacio de un curso, -estamos ya en 1912 a 1913-, fue el cuidado de los mozalbetes acogidos en la Casa del Ni\u00f1os Jes\u00fas, que unos a\u00f1os antes hab\u00eda sido fundada por el P. Aicardo, junto con el apoyo de un grupo de se\u00f1oras preocupadas por la situaci\u00f3n de los rapaces de la calle, que no ten\u00edan quien les amparase. Como siempre era habitual en \u00e9l, se entreg\u00f3 a esa labor con alma y vida.<\/p>\n<p>Ya, al a\u00f1o siguiente, se le dej\u00f3 libertad para que, dentro de lo que era la actividad propia de cualquier padre de una Residencia de la Compa\u00f1\u00eda, pudiera ir mostrando sus cualidades y preferencias apost\u00f3licas. En aqu\u00e9l entonces los jesuitas en M\u00e1laga viv\u00edan ya en la casa que se hab\u00eda inaugurado dos a\u00f1os antes en Calle Compa\u00f1\u00eda, pero era en la <strong>iglesia de S. Agust\u00edn <\/strong>donde celebraban la Sta. Misa, confesaban a los penitentes que acud\u00edan a ellos y predicaban la palabra de Dios. No estaba a\u00fan terminada la actual iglesia del Sdo. Coraz\u00f3n de Jes\u00fas, que se inaugurar\u00eda el a\u00f1o 1920. Comenz\u00f3 el P. Arnaiz, entonces, a llamar la atenci\u00f3n, sin \u00e9l pretenderlo, por su santidad. Los fieles que buscaban una direcci\u00f3n espiritual s\u00f3lida acud\u00edan en gran n\u00famero a su confesionario, debiendo esperar a veces largo rato a que les llegase su turno. Se encarg\u00f3 de fomentar la devoci\u00f3n al Coraz\u00f3n de Jes\u00fas.<\/p>\n<div id=\"attachment_386\" style=\"width: 310px\" class=\"wp-caption alignright\"><img aria-describedby=\"caption-attachment-386\" loading=\"lazy\" decoding=\"async\" class=\"wp-image-386 size-medium\" src=\"https:\/\/mariaisabel.mdrurales.com\/wp-content\/uploads\/2021\/06\/procesion-cj-malaga-1-e1623314854686-300x203.jpg\" alt=\"Procesi\u00f3n de la imagen del Sdo. Coraz\u00f3n en tiempos del P. Arnaiz\" width=\"300\" height=\"203\" srcset=\"https:\/\/mariaisabel.mdrurales.com\/wp-content\/uploads\/2021\/06\/procesion-cj-malaga-1-e1623314854686-300x203.jpg 300w, https:\/\/mariaisabel.mdrurales.com\/wp-content\/uploads\/2021\/06\/procesion-cj-malaga-1-e1623314854686.jpg 471w\" sizes=\"auto, (max-width: 300px) 100vw, 300px\" \/><p id=\"caption-attachment-386\" class=\"wp-caption-text\">Procesi\u00f3n de la imagen del Sdo. Coraz\u00f3n en tiempos del P. Arnaiz<\/p><\/div>\n<p>Como dato peculiar habr\u00eda que rese\u00f1ar a este prop\u00f3sito que el a\u00f1o 1915, contra todas las opiniones que le desaconsejaban que lo hiciera, sac\u00f3 por las calles de la ciudad la Procesi\u00f3n con la imagen del Coraz\u00f3n de Jes\u00fas. Dicha imagen se hab\u00eda dejado de procesionar desde &nbsp;principio de siglo, por temor al ambiente sociopol\u00edtico, hostil a todo tipo de manifestaciones religiosas. El resultado fue un \u00e9xito rotundo y continu\u00f3 cada a\u00f1o de forma ininterrumpida.<\/p>\n<p>Fuera del templo, el Padre aprovechaba todas las oportunidades posibles para visitar y atender a los enfermos en sus casas y en el Hospital. <strong>Para esta misi\u00f3n del Hospital<\/strong> se val\u00eda de caballeros y se\u00f1oras que se dirig\u00edan espiritualmente con \u00e9l. Ellos le preparaban a los enfermos capacit\u00e1ndolos para atender la posterior predicaci\u00f3n del Padre y recibir de sus manos los Sacramentos. No se olvidaba de acudir a la c\u00e1rcel, donde asist\u00eda a los presos, con abnegaci\u00f3n y amor. Atendi\u00f3 igualmente a religiosas de diversas comunidades y dio Ejercicios Espirituales a los sacerdotes de la di\u00f3cesis, etc., etc.<\/p>\n<h2 style=\"text-align: center;\"><strong><span style=\"color: #333399;\">EN LOS CORRALONES<\/span><\/strong><\/h2>\n<div id=\"attachment_234\" style=\"width: 310px\" class=\"wp-caption alignleft\"><img aria-describedby=\"caption-attachment-234\" loading=\"lazy\" decoding=\"async\" class=\"wp-image-234 size-medium\" src=\"https:\/\/mariaisabel.mdrurales.com\/wp-content\/uploads\/2021\/01\/Malaga-corralones2-300x198.jpg\" alt=\"&quot;Corral\u00f3n&quot; o patio de vecinos (M\u00e1laga)\" width=\"300\" height=\"198\" srcset=\"https:\/\/mariaisabel.mdrurales.com\/wp-content\/uploads\/2021\/01\/Malaga-corralones2-300x198.jpg 300w, https:\/\/mariaisabel.mdrurales.com\/wp-content\/uploads\/2021\/01\/Malaga-corralones2-768x508.jpg 768w, https:\/\/mariaisabel.mdrurales.com\/wp-content\/uploads\/2021\/01\/Malaga-corralones2.jpg 994w\" sizes=\"auto, (max-width: 300px) 100vw, 300px\" \/><p id=\"caption-attachment-234\" class=\"wp-caption-text\">\"Corral\u00f3n\" o patio de vecinos (M\u00e1laga)<\/p><\/div>\n<p>Pero hora es ya de que hablemos de su trabajo apost\u00f3lico m\u00e1s original en esta primera etapa de su estancia en M\u00e1laga: la labor realizada en los <strong>CORRALONES<\/strong>, llam\u00e1ndoseles as\u00ed a casas de vecinos de peculiar estructura, siempre habitadas por gente muy pobre. (Cada familia dispon\u00eda de una sola habitaci\u00f3n, todas dispuestas alrededor de un patio, donde la cocina y el ba\u00f1o eran comunes). Fueron unos veinte los que atendi\u00f3, situados en la periferia de la ciudad en aquel entonces. Comenzaba por alquilar una de las habitaciones del corral\u00f3n, donde establec\u00eda una peque\u00f1a escuela, llamada <em>miga<\/em>, es decir, una unidad escolar dirigida por una maestra que ense\u00f1aba las primeras nociones, a leer y escribir y hacer cuentas, juntamente con el catecismo de las verdades m\u00e1s esenciales de la fe. Cuando ya estaban los asistentes suficientemente preparados, acud\u00eda \u00e9l a tenerles unas breves charlas religiosas para prepararles a recibir los sacramentos. La miga posteriormente continuaba abierta, acrecentando la formaci\u00f3n que poco a poco se iba adquiriendo. El fruto producido fue extraordinario. Muchos sitios adonde no pod\u00eda antes entrar un sacerdote, -incluso en alguna ocasi\u00f3n hab\u00edan llegado hasta tirarle una rata muerta al mismo P. Arnaiz-, ahora acog\u00edan la labor de la Iglesia y agradec\u00edan el bien que se les hac\u00eda.<\/p>\n<p>El 1916, pasado el verano, y accediendo a la insistencia del Obispo de C\u00e1diz, D. Manuel Ranc\u00e9s, el P. Arnaiz fue destinado a dicha ciudad. En M\u00e1laga fue extraordinario el sentimiento por su partida; pero, fallecido el Obispo gaditano, volvi\u00f3 a M\u00e1laga en el a\u00f1o 1917. Para entonces la labor iniciada por \u00e9l en los corralones ya hab\u00eda sido asumida por otros padres de la Residencia y \u00e9l, con verdadero sentido apost\u00f3lico y despego de su propia obra, continu\u00f3 su labor de predicaci\u00f3n, vistas a los enfermos, a la c\u00e1rcel, etc.<\/p>\n<h2 style=\"text-align: center;\"><strong><span style=\"color: #333399;\">LAS DOCTRINAS RURALES<\/span><\/strong><\/h2>\n<p>Ya hab\u00eda dicho \u00e9l, a alguna de sus colaboradoras en los corralones, que su idea iba m\u00e1s all\u00e1: So\u00f1aba con llevar ese original m\u00e9todo a las aldeas y cortijadas adonde no iba nadie y donde la gente se encontraba en el mayor abandono cultural y religioso. As\u00ed surgieron en su mente <strong>LAS DOCTRINAS RURALES<\/strong>.<\/p>\n<div id=\"attachment_382\" style=\"width: 1339px\" class=\"wp-caption aligncenter\"><img aria-describedby=\"caption-attachment-382\" loading=\"lazy\" decoding=\"async\" class=\"wp-image-382 size-full\" src=\"https:\/\/mariaisabel.mdrurales.com\/wp-content\/uploads\/2021\/06\/60004-e1623264979474.jpg\" alt=\"Misionero infatigable por campos y cortijos de toda Andaluc\u00eda\" width=\"1329\" height=\"399\" srcset=\"https:\/\/mariaisabel.mdrurales.com\/wp-content\/uploads\/2021\/06\/60004-e1623264979474.jpg 1329w, https:\/\/mariaisabel.mdrurales.com\/wp-content\/uploads\/2021\/06\/60004-e1623264979474-300x90.jpg 300w, https:\/\/mariaisabel.mdrurales.com\/wp-content\/uploads\/2021\/06\/60004-e1623264979474-1024x307.jpg 1024w, https:\/\/mariaisabel.mdrurales.com\/wp-content\/uploads\/2021\/06\/60004-e1623264979474-768x231.jpg 768w\" sizes=\"auto, (max-width: 1329px) 100vw, 1329px\" \/><p id=\"caption-attachment-382\" class=\"wp-caption-text\">Misionero infatigable por campos y cortijos de toda Andaluc\u00eda<\/p><\/div>\n<p>Estas Doctrinas pudieron hacerse realidad gracias al arrojo y decisi\u00f3n de Mar\u00eda Isabel Gonz\u00e1lez del Valle, a la cual el Se\u00f1or poco despu\u00e9s de su conversi\u00f3n hab\u00eda puesto esa misma idea en el coraz\u00f3n. El 10 de enero de 1921, Mar\u00eda Isabel se entrevist\u00f3 por primera vez con el P. Arnaiz, en el locutorio de las Reparadoras de M\u00e1laga, y desde ese mismo momento se puso enteramente a la disposici\u00f3n del Padre con todo cuanto era y ten\u00eda para trabajar con \u00e9l en la obra de las Doctrinas rurales, convirti\u00e9ndose as\u00ed en su principal colaboradora y en una de sus m\u00e1s queridas hijas espirituales.<\/p>\n<p>Pero la labor como <strong>Misionero<\/strong> no se limitaba a estas acciones, que podr\u00edamos llamar estables, ya que duraban todo el tiempo que fuese necesario para instruir y elevar cultural y religiosamente a una aldea. \u00c9l iba adonde le llamaban a predicar la palabra de Dios, siendo su especialidad los Ejercicios Espirituales y las Misiones populares. En ellas la entrega del P. Arnaiz era proverbial: era voz com\u00fan que no dorm\u00eda en la cama y el tiempo que dedicaba al sue\u00f1o escas\u00edsimo, en una silla o en el mismo suelo sobre una estera; la comida era muy parca, sol\u00eda comer s\u00f3lo el primer plato que le serv\u00edan y pasaba largas horas en el confesionario o dado a la oraci\u00f3n, hasta altas horas de la noche, para volver a la Iglesia del pueblo antes del amanecer, tocar las campanas e iniciar el rezo del Santo Rosario por las calles.<\/p>\n<h2 style=\"text-align: center;\"><span style=\"color: #333399;\">AL ENCUENTRO CON CRISTO<\/span><\/h2>\n<p>Estando predicando la Novena del Coraz\u00f3n de Jes\u00fas en <strong>Algodonales<\/strong>, entonces de la Di\u00f3cesis de M\u00e1laga, aunque de la Provincia de C\u00e1diz, cay\u00f3 enfermo con fiebre alta, tan mal se encontraba que, desde M\u00e1laga, enviaron un coche para llevarlo a su residencia. Cuando se supo que hab\u00eda llegado en aquellas condiciones y obligado a guardar cama, la ciudad se moviliz\u00f3, acudiendo numeroso gent\u00edo a la Residencia de los Jesuitas a informarse por su estado de salud. Hubo que poner en sitio visible el parte m\u00e9dico cada d\u00eda: Bronconeumon\u00eda, diagnosticaron los doctores que le atend\u00edan. El templo del Sdo. Coraz\u00f3n era testigo de las continuas oraciones que espont\u00e1neamente se hac\u00edan por su salud. Aunque, en un principio, el dictamen de los m\u00e9dicos era favorable a su restablecimiento, el cuadro cl\u00ednico fue empeorando r\u00e1pidamente y, a los ocho d\u00edas, entregaba el enfermo su alma a Dios, cumpli\u00e9ndose la predicci\u00f3n que \u00e9l mismo hab\u00eda hecho semanas antes y despu\u00e9s de dejar edificados a cuantos le asist\u00edan. <strong>Era el 18 de julio de 1926.<\/strong><\/p>\n<p>El duelo por su p\u00e9rdida fue universal. Toda M\u00e1laga se sinti\u00f3 hu\u00e9rfana de tan gran bienhechor. Le lloraron los humildes y tambi\u00e9n los de condici\u00f3n econ\u00f3mica elevada. Se obtuvo licencia de Roma y del Ministerio de Gobernaci\u00f3n para que pudiese ser enterrado en la Iglesia del Coraz\u00f3n de Jes\u00fas, donde tantas veces hab\u00eda confortado a innumerables almas en el confesionario y a tantos instruido y enfervorizado desde el p\u00falpito con su c\u00e1lida palabra llena de unci\u00f3n. Su cad\u00e1ver, expuesto a la veneraci\u00f3n p\u00fablica, fue visitado durante tres d\u00edas, form\u00e1ndose colas continuas para poder tocar su cuerpo con objetos de devoci\u00f3n. Y todav\u00eda, antes de ser inhumado bajo las b\u00f3vedas del templo, como queda dicho, fue llevado en concurrid\u00edsimo cortejo por las calles de la ciudad, por donde durante tantos a\u00f1os hab\u00eda llevado \u00e9l la Procesi\u00f3n del Coraz\u00f3n de Jes\u00fas. Cerr\u00f3 el comercio y la comitiva f\u00fanebre fue presidida por las autoridades religiosas, civiles y militares. Pero no s\u00f3lo de M\u00e1laga, sino que de muchos otros sitios por donde hab\u00eda sembrado el bien con su incansable apostolado acudieron a darle el \u00faltimo adi\u00f3s. <strong>Muri\u00f3 en olor de santidad.<\/strong><\/p>\n<p><img loading=\"lazy\" decoding=\"async\" class=\"wp-image-384 size-full\" src=\"https:\/\/mariaisabel.mdrurales.com\/wp-content\/uploads\/2021\/06\/scan2016-472.jpg\" alt=\"Manifestaci\u00f3n imponente de duelo en el entierro del Beato P. Arnaiz\" width=\"1932\" height=\"964\" srcset=\"https:\/\/mariaisabel.mdrurales.com\/wp-content\/uploads\/2021\/06\/scan2016-472.jpg 1932w, https:\/\/mariaisabel.mdrurales.com\/wp-content\/uploads\/2021\/06\/scan2016-472-300x150.jpg 300w, https:\/\/mariaisabel.mdrurales.com\/wp-content\/uploads\/2021\/06\/scan2016-472-1024x511.jpg 1024w, https:\/\/mariaisabel.mdrurales.com\/wp-content\/uploads\/2021\/06\/scan2016-472-768x383.jpg 768w, https:\/\/mariaisabel.mdrurales.com\/wp-content\/uploads\/2021\/06\/scan2016-472-1536x766.jpg 1536w, https:\/\/mariaisabel.mdrurales.com\/wp-content\/uploads\/2021\/06\/scan2016-472-960x480.jpg 960w\" sizes=\"auto, (max-width: 1932px) 100vw, 1932px\" \/><\/p>\n<p>Manifestaci\u00f3n imponente de duelo en el entierro del Beato P. Arnaiz&nbsp;<\/p>\n<\/div>\n<\/div><\/div><\/div><div id=\"pgc-376-1-2\"  class=\"panel-grid-cell panel-grid-cell-empty\" ><\/div><\/div><\/div>","protected":false},"excerpt":{"rendered":"<p>Naci\u00f3 el Beato Tiburcio Arnaiz Mu\u00f1oz en Valladolid el 11 de agosto del a\u00f1o 1865 en la calle Panaderos n\u00ba 23.Muy pronto qued\u00f3 hu\u00e9rfano de padre, en agosto de 1870 falleci\u00f3 el Sr. Ezequiel, que se hab\u00eda ganado la vida con su modesto taller de tejedor. Esta circunstancia marc\u00f3 su infancia, propia de una familia [&hellip;]<\/p>\n","protected":false},"author":1,"featured_media":336,"parent":0,"menu_order":2,"comment_status":"closed","ping_status":"closed","template":"","meta":{"ngg_post_thumbnail":0,"footnotes":""},"class_list":["post-376","page","type-page","status-publish","has-post-thumbnail","hentry","post","post-with-thumbnail","post-with-thumbnail-large"],"_links":{"self":[{"href":"https:\/\/mariaisabel.mdrurales.com\/index.php?rest_route=\/wp\/v2\/pages\/376","targetHints":{"allow":["GET"]}}],"collection":[{"href":"https:\/\/mariaisabel.mdrurales.com\/index.php?rest_route=\/wp\/v2\/pages"}],"about":[{"href":"https:\/\/mariaisabel.mdrurales.com\/index.php?rest_route=\/wp\/v2\/types\/page"}],"author":[{"embeddable":true,"href":"https:\/\/mariaisabel.mdrurales.com\/index.php?rest_route=\/wp\/v2\/users\/1"}],"replies":[{"embeddable":true,"href":"https:\/\/mariaisabel.mdrurales.com\/index.php?rest_route=%2Fwp%2Fv2%2Fcomments&post=376"}],"version-history":[{"count":41,"href":"https:\/\/mariaisabel.mdrurales.com\/index.php?rest_route=\/wp\/v2\/pages\/376\/revisions"}],"predecessor-version":[{"id":1462,"href":"https:\/\/mariaisabel.mdrurales.com\/index.php?rest_route=\/wp\/v2\/pages\/376\/revisions\/1462"}],"wp:featuredmedia":[{"embeddable":true,"href":"https:\/\/mariaisabel.mdrurales.com\/index.php?rest_route=\/wp\/v2\/media\/336"}],"wp:attachment":[{"href":"https:\/\/mariaisabel.mdrurales.com\/index.php?rest_route=%2Fwp%2Fv2%2Fmedia&parent=376"}],"curies":[{"name":"wp","href":"https:\/\/api.w.org\/{rel}","templated":true}]}}