{"id":456,"date":"2021-06-11T12:48:08","date_gmt":"2021-06-11T10:48:08","guid":{"rendered":"https:\/\/mariaisabel.mdrurales.com\/?page_id=456"},"modified":"2021-09-30T18:16:46","modified_gmt":"2021-09-30T16:16:46","slug":"testimonios","status":"publish","type":"page","link":"https:\/\/mariaisabel.mdrurales.com\/?page_id=456","title":{"rendered":"MAR\u00cdA ISABEL RETRATO DE LA OBRA"},"content":{"rendered":"<div id=\"pl-456\"  class=\"panel-layout\" ><div id=\"pg-456-0\"  class=\"panel-grid panel-no-style\" ><div id=\"pgc-456-0-0\"  class=\"panel-grid-cell\" ><div id=\"panel-456-0-0-0\" class=\"so-panel widget widget_headline-widget panel-first-child panel-last-child\" data-index=\"0\" >\t\t<h1>MARIA ISABEL FIEL RETRATO DE LA OBRA<\/h1>\n\t\t<div class=\"decoration\"><div class=\"decoration-inside\"><\/div><\/div>\n\t\t<h3><\/h3>\n\t\t<\/div><\/div><\/div><div id=\"pg-456-1\"  class=\"panel-grid panel-no-style\" ><div id=\"pgc-456-1-0\"  class=\"panel-grid-cell\" ><div id=\"panel-456-1-0-0\" class=\"so-panel widget widget_sow-editor panel-first-child panel-last-child\" data-index=\"1\" ><div\n\t\t\t\n\t\t\tclass=\"so-widget-sow-editor so-widget-sow-editor-base\"\n\t\t\t\n\t\t>\n<div class=\"siteorigin-widget-tinymce textwidget\">\n\t<h2 style=\"text-align: center;\"><strong>&nbsp; &nbsp; &nbsp; &nbsp; &nbsp;De una carta del P. Juan Antonio Segarra S. J., \u00faltimo director de Mar\u00eda Isabel, a las Misioneras en el VIII\u00ba aniversario de la muerte de Mar\u00eda Isabel:<\/strong><\/h2>\n<p>\"\u2026Lo que quer\u00eda subrayar es, c\u00f3mo esta Obra es el retrato fiel de lo que Mar\u00eda Isabel era en lo natural y sobrenatural; no fue la Obra una idea feliz, inspirada en un momento de penetraci\u00f3n intelectual o de particular intervenci\u00f3n divina; ni fue un arrebato inconsiderado de un alma ferviente. Es simplemente la traducci\u00f3n o plasmaci\u00f3n concreta de lo que era ella. Estoy convencido de que Mar\u00eda Isabel no pod\u00eda encontrarse en su sitio m\u00e1s que con esta vida de la Obra. No es que le faltasen cualidades -que le sobraban- para ser una madre de familia ideal o una religiosa observant\u00edsima en cualquier orden en que Dios la hubiese colocado. Pero su esp\u00edritu lucid\u00edsimo y penetrante, su coraz\u00f3n volc\u00e1nico y realista, su sentimiento fin\u00edsimo de lo que exige el amor personal a Cristo, no le permit\u00edan descansar en ocupaciones pueriles, en peque\u00f1eces y nimiedades, erigi\u00e9ndolas en lo principal y suplantando la acci\u00f3n eficaz y la preocupaci\u00f3n que embargaron a Cristo\u2026 <strong>Como Mar\u00eda a los pies de Jes\u00fas, sent\u00eda \u00edntimamente<\/strong> aquello que dice el Kempis: <strong>\"mucho hace el que mucho ama<\/strong>\" y comprend\u00eda a la Magdalena inm\u00f3vil a los pies de Jes\u00fas leyendo en sus ojos; pero... \u00bfes qu\u00e9 Mar\u00eda estaba m\u00e1s fija en el amor y m\u00e1s arrebatada cuando estaba as\u00ed gozando que cuando corr\u00eda como loca al cen\u00e1culo, al huerto, y preguntaba y averiguaba? Ciertamente que no. Y su agitaci\u00f3n y su preocupaci\u00f3n no era m\u00e1s que, la resultante de su amor, que era muy diferente del de Marta. No sent\u00eda Mar\u00eda Isabel la vocaci\u00f3n de Marta, trabajando en cosas relativamente m\u00e1s eficaces y positivas que las peque\u00f1eces -dig\u00e1moslo as\u00ed- de Mar\u00eda a los pies de Jes\u00fas; pero tampoco cre\u00eda que fuese un amor bastante desesperado el que se estaba tranquilo, cuando est\u00e1 ardiendo la casa del Se\u00f1or, y se puede acudir a extinguir el fuego. Es decir que, puesta a elegir entre Marta y Mar\u00eda, escoge&nbsp; Mar\u00eda; y entre Mar\u00eda materialmente a los pies de Jes\u00fas y leyendo en sus ojos y no haciendo nada m\u00e1s que amar, y Mar\u00eda espiritualmente a los pies de Jes\u00fas y leyendo en sus ojos (\"que tiene en sus entra\u00f1as dibujados\") y no haciendo m\u00e1s que amar, escoge a esta \u00faltima.&nbsp;<\/p>\n<\/div>\n<\/div><\/div><\/div><div id=\"pgc-456-1-1\"  class=\"panel-grid-cell\" ><div id=\"panel-456-1-1-0\" class=\"so-panel widget widget_sow-slider panel-first-child\" data-index=\"2\" ><div\n\t\t\t\n\t\t\tclass=\"so-widget-sow-slider so-widget-sow-slider-default-6d39609536fd-456\"\n\t\t\t\n\t\t>\t\t\t\t<div class=\"sow-slider-base\" style=\"display: none\" tabindex=\"0\">\n\t\t\t\t\t<ul\n\t\t\t\t\tclass=\"sow-slider-images\"\n\t\t\t\t\tdata-settings=\"{&quot;pagination&quot;:true,&quot;speed&quot;:800,&quot;timeout&quot;:8000,&quot;paused&quot;:false,&quot;pause_on_hover&quot;:false,&quot;swipe&quot;:true,&quot;nav_always_show_desktop&quot;:&quot;&quot;,&quot;nav_always_show_mobile&quot;:&quot;&quot;,&quot;breakpoint&quot;:&quot;780px&quot;,&quot;unmute&quot;:false,&quot;anchor&quot;:null}\"\n\t\t\t\t\t\t\t\t\t\tdata-anchor-id=\"\"\n\t\t\t\t>\t\t<li class=\"sow-slider-image\" style=\"visibility: visible;\" >\n\t\t\t\t\t\t<img loading=\"lazy\" decoding=\"async\" width=\"480\" height=\"666\" src=\"https:\/\/mariaisabel.mdrurales.com\/wp-content\/uploads\/2021\/09\/MI-1924-Algodonales-MI-Mujer-notario-y-Leonor-2-B-e1630593099729.jpg\" class=\"sow-slider-background-image\" alt=\"\" style=\"\" srcset=\"https:\/\/mariaisabel.mdrurales.com\/wp-content\/uploads\/2021\/09\/MI-1924-Algodonales-MI-Mujer-notario-y-Leonor-2-B-e1630593099729.jpg 480w, https:\/\/mariaisabel.mdrurales.com\/wp-content\/uploads\/2021\/09\/MI-1924-Algodonales-MI-Mujer-notario-y-Leonor-2-B-e1630593099729-216x300.jpg 216w\" sizes=\"auto, (max-width: 480px) 100vw, 480px\" \/>\t\t<\/li>\n\t\t\t\t<li class=\"sow-slider-image\" style=\"visibility: hidden;\" >\n\t\t\t\t\t\t<img loading=\"lazy\" decoding=\"async\" width=\"757\" height=\"1497\" src=\"https:\/\/mariaisabel.mdrurales.com\/wp-content\/uploads\/2021\/09\/MI-ESC-1.2.7-Pensamientos-estampa-Marta-y-Maria_1-PEQUE-e1633013480284.jpg\" class=\"sow-slider-background-image\" alt=\"\" style=\"\" srcset=\"https:\/\/mariaisabel.mdrurales.com\/wp-content\/uploads\/2021\/09\/MI-ESC-1.2.7-Pensamientos-estampa-Marta-y-Maria_1-PEQUE-e1633013480284.jpg 757w, https:\/\/mariaisabel.mdrurales.com\/wp-content\/uploads\/2021\/09\/MI-ESC-1.2.7-Pensamientos-estampa-Marta-y-Maria_1-PEQUE-e1633013480284-152x300.jpg 152w, https:\/\/mariaisabel.mdrurales.com\/wp-content\/uploads\/2021\/09\/MI-ESC-1.2.7-Pensamientos-estampa-Marta-y-Maria_1-PEQUE-e1633013480284-518x1024.jpg 518w\" sizes=\"auto, (max-width: 757px) 100vw, 757px\" \/>\t\t<\/li>\n\t\t\t\t<li class=\"sow-slider-image\" style=\"visibility: hidden;\" >\n\t\t\t\t\t\t<img loading=\"lazy\" decoding=\"async\" width=\"226\" height=\"320\" src=\"https:\/\/mariaisabel.mdrurales.com\/wp-content\/uploads\/2021\/09\/Lamentos-peticiones-coloquio-con-Jesus_.jpg\" class=\"sow-slider-background-image\" alt=\"\" style=\"\" srcset=\"https:\/\/mariaisabel.mdrurales.com\/wp-content\/uploads\/2021\/09\/Lamentos-peticiones-coloquio-con-Jesus_.jpg 226w, https:\/\/mariaisabel.mdrurales.com\/wp-content\/uploads\/2021\/09\/Lamentos-peticiones-coloquio-con-Jesus_-212x300.jpg 212w\" sizes=\"auto, (max-width: 226px) 100vw, 226px\" \/>\t\t<\/li>\n\t\t<\/ul>\t\t\t\t<ol class=\"sow-slider-pagination\">\n\t\t\t\t\t\t\t\t\t\t\t<li><a href=\"#\" data-goto=\"0\" aria-label=\"mostrar diapositiva 1\"><\/a><\/li>\n\t\t\t\t\t\t\t\t\t\t\t<li><a href=\"#\" data-goto=\"1\" aria-label=\"mostrar diapositiva 2\"><\/a><\/li>\n\t\t\t\t\t\t\t\t\t\t\t<li><a href=\"#\" data-goto=\"2\" aria-label=\"mostrar diapositiva 3\"><\/a><\/li>\n\t\t\t\t\t\t\t\t\t<\/ol>\n\n\t\t\t\t<div class=\"sow-slide-nav sow-slide-nav-next\">\n\t\t\t\t\t<a href=\"#\" data-goto=\"next\" aria-label=\"diapositiva siguiente\" data-action=\"next\">\n\t\t\t\t\t\t<em class=\"sow-sld-icon-thin-right\"><\/em>\n\t\t\t\t\t<\/a>\n\t\t\t\t<\/div>\n\n\t\t\t\t<div class=\"sow-slide-nav sow-slide-nav-prev\">\n\t\t\t\t\t<a href=\"#\" data-goto=\"previous\" aria-label=\"diapositiva anterior\" data-action=\"prev\">\n\t\t\t\t\t\t<em class=\"sow-sld-icon-thin-left\"><\/em>\n\t\t\t\t\t<\/a>\n\t\t\t\t<\/div>\n\t\t\t\t<\/div><\/div><\/div><div id=\"panel-456-1-1-1\" class=\"so-panel widget widget_sow-editor panel-last-child\" data-index=\"3\" ><div\n\t\t\t\n\t\t\tclass=\"so-widget-sow-editor so-widget-sow-editor-base\"\n\t\t\t\n\t\t>\n<div class=\"siteorigin-widget-tinymce textwidget\">\n\t<p><strong>Se sabe y se siente esposa de Cristo<\/strong>, y comprende que toda la pena de Cristo, su Esposo, es por los hijos, y -uni\u00e9ndose m\u00e1s estrechamente a \u00c9l- se preocupa de que esos hijos se acuerden de que son hijos y vivan como hijos y sean el consuelo de Cristo, su Padre. No se niega nunca a cuidar de los hijos, ni se niega nunca a consolar al Esposo. Es fina y delicada en sus atenciones personales para con Cristo, <strong>pero no olvida que el amor de los amores del Coraz\u00f3n de Jes\u00fas son los hombres<\/strong>. Repito que estoy convencido de que la Obra es Mar\u00eda Isabel y Mar\u00eda Isabel la Obra; que Mar\u00eda Isabel no pod\u00eda hacer otra cosa que vivir como vivi\u00f3... Porque esto es lo curioso: que no se preocup\u00f3 propiamente m\u00e1s que de realizar lo que era una necesidad de su natural riqu\u00edsimo, enamorado de Cristo, sin detenerse ni un momento por la idea de ser ella sola o de ser muchas. Si Dios quiere que la vida \u00e9sta tenga seguidores, bien; y si no tambi\u00e9n. Ella no pod\u00eda vivir otra vida. Y as\u00ed ha de continuar la Obra.\"<\/p>\n<\/div>\n<\/div><\/div><\/div><\/div><\/div>","protected":false},"excerpt":{"rendered":"<p>&nbsp; &nbsp; &nbsp; &nbsp; &nbsp;De una carta del P. Juan Antonio Segarra S. J., \u00faltimo director de Mar\u00eda Isabel, a las Misioneras en el VIII\u00ba aniversario de la muerte de Mar\u00eda Isabel: \u00ab\u2026Lo que quer\u00eda subrayar es, c\u00f3mo esta Obra es el retrato fiel de lo que Mar\u00eda Isabel era en lo natural y sobrenatural; [&hellip;]<\/p>\n","protected":false},"author":1,"featured_media":0,"parent":0,"menu_order":0,"comment_status":"closed","ping_status":"closed","template":"","meta":{"ngg_post_thumbnail":0,"footnotes":""},"class_list":["post-456","page","type-page","status-publish","hentry","post"],"_links":{"self":[{"href":"https:\/\/mariaisabel.mdrurales.com\/index.php?rest_route=\/wp\/v2\/pages\/456","targetHints":{"allow":["GET"]}}],"collection":[{"href":"https:\/\/mariaisabel.mdrurales.com\/index.php?rest_route=\/wp\/v2\/pages"}],"about":[{"href":"https:\/\/mariaisabel.mdrurales.com\/index.php?rest_route=\/wp\/v2\/types\/page"}],"author":[{"embeddable":true,"href":"https:\/\/mariaisabel.mdrurales.com\/index.php?rest_route=\/wp\/v2\/users\/1"}],"replies":[{"embeddable":true,"href":"https:\/\/mariaisabel.mdrurales.com\/index.php?rest_route=%2Fwp%2Fv2%2Fcomments&post=456"}],"version-history":[{"count":22,"href":"https:\/\/mariaisabel.mdrurales.com\/index.php?rest_route=\/wp\/v2\/pages\/456\/revisions"}],"predecessor-version":[{"id":1426,"href":"https:\/\/mariaisabel.mdrurales.com\/index.php?rest_route=\/wp\/v2\/pages\/456\/revisions\/1426"}],"wp:attachment":[{"href":"https:\/\/mariaisabel.mdrurales.com\/index.php?rest_route=%2Fwp%2Fv2%2Fmedia&parent=456"}],"curies":[{"name":"wp","href":"https:\/\/api.w.org\/{rel}","templated":true}]}}