{"id":458,"date":"2021-06-11T12:48:30","date_gmt":"2021-06-11T10:48:30","guid":{"rendered":"https:\/\/mariaisabel.mdrurales.com\/?page_id=458"},"modified":"2025-10-20T15:43:24","modified_gmt":"2025-10-20T13:43:24","slug":"favores","status":"publish","type":"page","link":"https:\/\/mariaisabel.mdrurales.com\/?page_id=458","title":{"rendered":"FAVORES"},"content":{"rendered":"<div id=\"pl-458\"  class=\"panel-layout\" ><div id=\"pg-458-0\"  class=\"panel-grid panel-has-style\" ><div class=\"siteorigin-panels-stretch panel-row-style panel-row-style-for-458-0\" data-stretch-type=\"full-stretched\" ><div id=\"pgc-458-0-0\"  class=\"panel-grid-cell\" ><div id=\"panel-458-0-0-0\" class=\"so-panel widget widget_sow-hero panel-first-child panel-last-child\" data-index=\"0\" ><div\n\t\t\t\n\t\t\tclass=\"so-widget-sow-hero so-widget-sow-hero-default-d6f46b9e01a3-458 so-widget-fittext-wrapper\"\n\t\t\t data-fit-text-compressor=\"0.85\"\n\t\t>\t\t\t\t<div class=\"sow-slider-base\" style=\"display: none\" tabindex=\"0\">\n\t\t\t\t\t<ul\n\t\t\t\t\tclass=\"sow-slider-images\"\n\t\t\t\t\tdata-settings=\"{&quot;pagination&quot;:true,&quot;speed&quot;:800,&quot;timeout&quot;:8000,&quot;paused&quot;:false,&quot;pause_on_hover&quot;:false,&quot;swipe&quot;:true,&quot;nav_always_show_desktop&quot;:&quot;&quot;,&quot;nav_always_show_mobile&quot;:&quot;&quot;,&quot;breakpoint&quot;:&quot;780px&quot;,&quot;unmute&quot;:false,&quot;anchor&quot;:null}\"\n\t\t\t\t\tstyle=\"min-height: 450px\"\t\t\t\t\tdata-anchor-id=\"\"\n\t\t\t\t>\t\t<li class=\"sow-slider-image  sow-slider-image-cover\" style=\"visibility: visible;;background-color: #333333;background-image: url(https:\/\/mariaisabel.mdrurales.com\/wp-content\/uploads\/2021\/09\/santisima-trinidad-e1631098623971.jpg)\" >\n\t\t\t\t\t<div class=\"sow-slider-image-container\">\n\t\t\t<div class=\"sow-slider-image-wrapper\">\n\t\t\t\t\t\t\t<\/div>\n\t\t<\/div>\n\t\t\t\t<\/li>\n\t\t<\/ul>\t\t\t\t<ol class=\"sow-slider-pagination\">\n\t\t\t\t\t\t\t\t\t\t\t<li><a href=\"#\" data-goto=\"0\" aria-label=\"mostrar diapositiva 1\"><\/a><\/li>\n\t\t\t\t\t\t\t\t\t<\/ol>\n\n\t\t\t\t<div class=\"sow-slide-nav sow-slide-nav-next\">\n\t\t\t\t\t<a href=\"#\" data-goto=\"next\" aria-label=\"diapositiva siguiente\" data-action=\"next\">\n\t\t\t\t\t\t<em class=\"sow-sld-icon-thin-right\"><\/em>\n\t\t\t\t\t<\/a>\n\t\t\t\t<\/div>\n\n\t\t\t\t<div class=\"sow-slide-nav sow-slide-nav-prev\">\n\t\t\t\t\t<a href=\"#\" data-goto=\"previous\" aria-label=\"diapositiva anterior\" data-action=\"prev\">\n\t\t\t\t\t\t<em class=\"sow-sld-icon-thin-left\"><\/em>\n\t\t\t\t\t<\/a>\n\t\t\t\t<\/div>\n\t\t\t\t<\/div><\/div><\/div><\/div><\/div><\/div><div id=\"pg-458-1\"  class=\"panel-grid panel-no-style\" ><div id=\"pgc-458-1-0\"  class=\"panel-grid-cell\" ><div id=\"panel-458-1-0-0\" class=\"so-panel widget widget_headline-widget panel-first-child panel-last-child\" data-index=\"1\" >\t\t<h1>REZAR A MAR\u00cdA ISABEL<\/h1>\n\t\t<div class=\"decoration\"><div class=\"decoration-inside\"><\/div><\/div>\n\t\t<h3>ORACI\u00d3N PARA TRIDUO, NOVENA O PARA REZARLA DIARIAMENTE<\/h3>\n\t\t<\/div><\/div><\/div><div id=\"pg-458-2\"  class=\"panel-grid panel-no-style\" ><div id=\"pgc-458-2-0\"  class=\"panel-grid-cell\" ><div id=\"panel-458-2-0-0\" class=\"so-panel widget widget_sow-slider panel-first-child panel-last-child\" data-index=\"2\" ><div\n\t\t\t\n\t\t\tclass=\"so-widget-sow-slider so-widget-sow-slider-default-6d39609536fd-458\"\n\t\t\t\n\t\t>\t\t\t\t<div class=\"sow-slider-base\" style=\"display: none\" tabindex=\"0\">\n\t\t\t\t\t<ul\n\t\t\t\t\tclass=\"sow-slider-images\"\n\t\t\t\t\tdata-settings=\"{&quot;pagination&quot;:true,&quot;speed&quot;:800,&quot;timeout&quot;:8000,&quot;paused&quot;:false,&quot;pause_on_hover&quot;:false,&quot;swipe&quot;:true,&quot;nav_always_show_desktop&quot;:&quot;&quot;,&quot;nav_always_show_mobile&quot;:&quot;&quot;,&quot;breakpoint&quot;:&quot;780px&quot;,&quot;unmute&quot;:false,&quot;anchor&quot;:null}\"\n\t\t\t\t\t\t\t\t\t\tdata-anchor-id=\"\"\n\t\t\t\t>\t\t<li class=\"sow-slider-image\" style=\"visibility: visible;\" >\n\t\t\t\t\t\t<img loading=\"lazy\" decoding=\"async\" width=\"1106\" height=\"1664\" src=\"https:\/\/mariaisabel.mdrurales.com\/wp-content\/uploads\/2023\/11\/MIGVStampa1-1-e1702760812941.jpg\" class=\"sow-slider-background-image\" alt=\"\" style=\"\" srcset=\"https:\/\/mariaisabel.mdrurales.com\/wp-content\/uploads\/2023\/11\/MIGVStampa1-1-e1702760812941.jpg 1106w, https:\/\/mariaisabel.mdrurales.com\/wp-content\/uploads\/2023\/11\/MIGVStampa1-1-e1702760812941-199x300.jpg 199w, https:\/\/mariaisabel.mdrurales.com\/wp-content\/uploads\/2023\/11\/MIGVStampa1-1-e1702760812941-681x1024.jpg 681w, https:\/\/mariaisabel.mdrurales.com\/wp-content\/uploads\/2023\/11\/MIGVStampa1-1-e1702760812941-768x1155.jpg 768w, https:\/\/mariaisabel.mdrurales.com\/wp-content\/uploads\/2023\/11\/MIGVStampa1-1-e1702760812941-1021x1536.jpg 1021w\" sizes=\"auto, (max-width: 1106px) 100vw, 1106px\" \/>\t\t<\/li>\n\t\t<\/ul>\t\t\t\t<ol class=\"sow-slider-pagination\">\n\t\t\t\t\t\t\t\t\t\t\t<li><a href=\"#\" data-goto=\"0\" aria-label=\"mostrar diapositiva 1\"><\/a><\/li>\n\t\t\t\t\t\t\t\t\t<\/ol>\n\n\t\t\t\t<div class=\"sow-slide-nav sow-slide-nav-next\">\n\t\t\t\t\t<a href=\"#\" data-goto=\"next\" aria-label=\"diapositiva siguiente\" data-action=\"next\">\n\t\t\t\t\t\t<em class=\"sow-sld-icon-thin-right\"><\/em>\n\t\t\t\t\t<\/a>\n\t\t\t\t<\/div>\n\n\t\t\t\t<div class=\"sow-slide-nav sow-slide-nav-prev\">\n\t\t\t\t\t<a href=\"#\" data-goto=\"previous\" aria-label=\"diapositiva anterior\" data-action=\"prev\">\n\t\t\t\t\t\t<em class=\"sow-sld-icon-thin-left\"><\/em>\n\t\t\t\t\t<\/a>\n\t\t\t\t<\/div>\n\t\t\t\t<\/div><\/div><\/div><\/div><div id=\"pgc-458-2-1\"  class=\"panel-grid-cell\" ><div id=\"panel-458-2-1-0\" class=\"so-panel widget widget_sow-editor panel-first-child\" data-index=\"3\" ><div\n\t\t\t\n\t\t\tclass=\"so-widget-sow-editor so-widget-sow-editor-base\"\n\t\t\t\n\t\t>\n<div class=\"siteorigin-widget-tinymce textwidget\">\n\t<p>&nbsp;<\/p>\n<p>&nbsp;<\/p>\n<p style=\"text-align: center;\"><span style=\"font-size: 18pt;\"><strong>Oh Trinidad beat\u00edsima Padre,<\/strong><\/span><span style=\"font-size: 18pt;\"><strong> Hijo y Esp\u00edritu Santo.<\/strong> Os adoro y glorifico en uni\u00f3n de vuestra fiel sierva Mar\u00eda Isabel. Os doy gracias por los extraordinarios favores con que adornasteis su grande alma. Dignaos autorizar con gracias y milagros sus admirables virtudes, para que podamos venerarla en los altares. Os suplico me conced\u00e1is por su intercesi\u00f3n la gracia especial que os pido, si es para mayor gloria vuestra y provecho de mi alma. Am\u00e9n.<\/span><\/p>\n<p style=\"text-align: center;\"><span style=\"font-size: 18pt; color: #333399;\">(Padrenuestro, Avemar\u00eda y Gloria)<\/span><\/p>\n<\/div>\n<\/div><\/div><div id=\"panel-458-2-1-1\" class=\"so-panel widget widget_sow-social-media-buttons panel-last-child\" data-index=\"4\" ><div class=\"so-rounded panel-widget-style panel-widget-style-for-458-2-1-1\" ><div\n\t\t\t\n\t\t\tclass=\"so-widget-sow-social-media-buttons so-widget-sow-social-media-buttons-wire-69cbf24215c4-458\"\n\t\t\t\n\t\t>\n<h3 class=\"widget-title\">NOVENA A MARIA ISABEL<\/h3>\n<div class=\"social-media-button-container\">\n\t\n\t\t<a \n\t\tclass=\"ow-button-hover sow-social-media-button-youtube-0 sow-social-media-button\" title=\"NOVENA MI- YOUTUBE\" aria-label=\"NOVENA MI- YOUTUBE\" target=\"_blank\" rel=\"noopener noreferrer\" href=\"https:\/\/www.youtube.com\/watch?v=QZcrEzuW7E4\" \t\t>\n\t\t\t<span>\n\t\t\t\t\t\t\t\t<span class=\"sow-icon-fontawesome sow-fab\" data-sow-icon=\"&#xf167;\"\n\t\t \n\t\taria-hidden=\"true\"><\/span>\t\t\t\t\t\t\t<\/span>\n\t\t<\/a>\n\t<\/div>\n<\/div><\/div><\/div><\/div><\/div><div id=\"pg-458-3\"  class=\"panel-grid panel-has-style\" ><div class=\"panel-row-style panel-row-style-for-458-3\" ><div id=\"pgc-458-3-0\"  class=\"panel-grid-cell\" ><div id=\"panel-458-3-0-0\" class=\"so-panel widget widget_headline-widget panel-first-child panel-last-child\" data-index=\"5\" ><div class=\"panel-widget-style panel-widget-style-for-458-3-0-0\" >\t\t<h1>GRACIAS Y FAVORES <\/h1>\n\t\t<div class=\"decoration\"><div class=\"decoration-inside\"><\/div><\/div>\n\t\t<h3><\/h3>\n\t\t<\/div><\/div><\/div><\/div><\/div><div id=\"pg-458-4\"  class=\"panel-grid panel-has-style\" ><div class=\"panel-row-style panel-row-style-for-458-4\" ><div id=\"pgc-458-4-0\"  class=\"panel-grid-cell\" ><div id=\"panel-458-4-0-0\" class=\"so-panel widget widget_sow-editor panel-first-child panel-last-child\" data-index=\"6\" ><div\n\t\t\t\n\t\t\tclass=\"so-widget-sow-editor so-widget-sow-editor-base\"\n\t\t\t\n\t\t><h3 class=\"widget-title\">No he visto a nadie que sobreviva a esta maldita enfermedad<\/h3>\n<div class=\"siteorigin-widget-tinymce textwidget\">\n\t<p>Hola. Me llamo \u00c1ngela Bernal y hace 7 a\u00f1os le encomend\u00e9 a Mar\u00eda Isabel Gonz\u00e1lez del Valle la salud de mi amiga Juli P\u00e9rez-Agua que hab\u00eda sido operada de un c\u00e1ncer de p\u00e1ncreas. Fue una operaci\u00f3n muy delicada y aparte del p\u00e1ncreas le quitaron est\u00f3mago, h\u00edgado... En fin, que nadie pens\u00e1bamos que podr\u00eda soportar tama\u00f1a operaci\u00f3n y sobre todo porque el p\u00e1ncreas tiene un fatal pron\u00f3stico.<br \/>\nHa pasado sus momentos malos, pero ha sabido controlar la diabetes que le ha quedado. Es una persona ejemplar con una vida activa: viaja, anda, trabaja de forma incansable, guisa, cuida de sus nietos..., lo que se le presente. Yo veo su vida como un milagro pues mi madre muri\u00f3 de lo mismo hace 55 a\u00f1os y hasta ella no he visto a nadie que sobreviva a esta maldita enfermedad.<br \/>\nEspero que este testimonio pueda servir para la beatificaci\u00f3n de Mar\u00eda Isabel\u2026<br \/>\nUn saludo y que Dios las bendiga.<br \/>\n<strong>\u00c1ngela Bernal Mart\u00ednez. Villanueva de Alcardete (Toledo)<\/strong><\/p>\n<\/div>\n<\/div><\/div><\/div><div id=\"pgc-458-4-1\"  class=\"panel-grid-cell\" ><div id=\"panel-458-4-1-0\" class=\"so-panel widget widget_sow-editor panel-first-child panel-last-child\" data-index=\"7\" ><div\n\t\t\t\n\t\t\tclass=\"so-widget-sow-editor so-widget-sow-editor-base\"\n\t\t\t\n\t\t><h3 class=\"widget-title\">El m\u00e9dico me diagnostic\u00f3 c\u00e1ncer de piel<\/h3>\n<div class=\"siteorigin-widget-tinymce textwidget\">\n\t<p>&nbsp;<\/p>\n<p>Las misioneras me dieron una estampa de su fundadora MAR\u00cdA ISABEL GONZ\u00c1LEZ DEL VALLE. Hace unos diez meses, me apareci\u00f3 una mancha en una pierna; dej\u00e9 pasar unos meses y por fin me decid\u00ed a que me viese el m\u00e9dico, \u00e9ste me diagnostic\u00f3 un BOWEUR (C\u00e1ncer de piel). Me puse el tratamiento (con poca esperanza) a la vez que ped\u00eda a Mar\u00eda Isabel que intercediera ante Dios por mi curaci\u00f3n. A los 15 d\u00edas volv\u00ed al doctor y la sorpresa fue grande cuando me dijo que estaba curada y pod\u00eda olvidarme totalmente de mi enfermedad.<\/p>\n<p>Desear\u00eda poder enviar un donativo y tambi\u00e9n les agradecer\u00eda que me enviasen algunas estampas para poder entregarlas a otras personas que necesiten de su intercesi\u00f3n.<\/p>\n<p><strong>Carmen Alguacil, M\u00e1laga<\/strong><\/p>\n<\/div>\n<\/div><\/div><\/div><\/div><\/div><div id=\"pg-458-5\"  class=\"panel-grid panel-has-style\" ><div class=\"panel-row-style panel-row-style-for-458-5\" ><div id=\"pgc-458-5-0\"  class=\"panel-grid-cell\" ><div id=\"panel-458-5-0-0\" class=\"so-panel widget widget_sow-editor panel-first-child\" data-index=\"8\" ><div\n\t\t\t\n\t\t\tclass=\"so-widget-sow-editor so-widget-sow-editor-base\"\n\t\t\t\n\t\t>\n<div class=\"siteorigin-widget-tinymce textwidget\">\n\t<\/div>\n<\/div><\/div><div id=\"panel-458-5-0-1\" class=\"so-panel widget widget_sow-editor panel-last-child\" data-index=\"9\" ><div\n\t\t\t\n\t\t\tclass=\"so-widget-sow-editor so-widget-sow-editor-base\"\n\t\t\t\n\t\t>\n<div class=\"siteorigin-widget-tinymce textwidget\">\n\t<h1>Es muy importante para la Causa compartir las gracias recibidas y explicar en que consisten.<\/h1>\n<h2>RELLENE EL FORMULARIO:<\/h2>\n<p>(Los tres primeros campos no son obligatorios pero s\u00ed convenientes)<\/p>\n<\/div>\n<\/div><\/div><\/div><div id=\"pgc-458-5-1\"  class=\"panel-grid-cell\" ><div id=\"panel-458-5-1-0\" class=\"so-panel widget widget_sow-contact-form panel-first-child\" data-index=\"10\" ><div class=\"panel-widget-style panel-widget-style-for-458-5-1-0\" ><div\n\t\t\t\n\t\t\tclass=\"so-widget-sow-contact-form so-widget-sow-contact-form-default-5962f5244b6a-458\"\n\t\t\t\n\t\t>\t<form\n\t\taction=\"\/index.php?rest_route=%2Fwp%2Fv2%2Fpages%2F458\"\n\t\tmethod=\"POST\"\n\t\tclass=\"sow-contact-form\"\n\t\tid=\"contact-form-2d03\"\n\t>\n\n\t\t\n\t\t\t\t\t<div class=\"sow-form-field sow-form-field-name\">\n\t\t\t\t<label class=\"sow-form-field-label-above\" for=\"sow-contact-form-field-nombre-y-apellidos-1\">\n\t\t\t\t<strong>\n\t\t\t\t\tNombre y apellidos\t\t\t\t\t\t\t\t\t<\/strong>\n\t\t\t<\/label>\n\t\t\t\t\t\t\t<div class=\"sow-field-container\">\n\t\t\t\t\t\t\t<input\n\t\t\ttype=\"text\"\n\t\t\tname=\"nombre-y-apellidos-1\"\n\t\t\tid=\"sow-contact-form-field-nombre-y-apellidos-1\"\n\t\t\tvalue=\"\"\n\t\t\tclass=\"sow-text-field\"\n\t\t\t\t\t\taria-describedby=\"sow-contact-form-field-nombre-y-apellidos-1-description\" \t\t\/>\n\t\t\t\t\t\t\t\t<div\n\t\t\t\t\t\t\tclass=\"sow-form-field-description\"\n\t\t\t\t\t\t\tid=\"sow-contact-form-field-nombre-y-apellidos-1-description\"\n\t\t\t\t\t\t>\n\t\t\t\t\t\t\tSi se desea se puede poner: An\u00f3nimo\t\t\t\t\t\t<\/div>\n\t\t\t\t\t\t\t\t\t\t<\/div>\n\t\t\t\t\t\t\t<\/div>\n\t\t\t\t\t\t<div class=\"sow-form-field sow-form-field-email\">\n\t\t\t\t<label class=\"sow-form-field-label-above\" for=\"sow-contact-form-field-correo-electronico-1\">\n\t\t\t\t<strong>\n\t\t\t\t\tCorreo electr\u00f3nico\t\t\t\t\t\t\t\t\t<\/strong>\n\t\t\t<\/label>\n\t\t\t\t\t\t\t<div class=\"sow-field-container\">\n\t\t\t\t\t\t\t<input\n\t\t\ttype=\"email\"\n\t\t\tname=\"correo-electronico-1\"\n\t\t\tid=\"sow-contact-form-field-correo-electronico-1\"\n\t\t\tvalue=\"\"\n\t\t\tclass=\"sow-text-field\"\t\t\t\t\t\t\t\t\/>\n\t\t\t\t\t\t<\/div>\n\t\t\t\t\t\t\t<\/div>\n\t\t\t\t\t\t<div class=\"sow-form-field sow-form-field-subject\">\n\t\t\t\t<label class=\"sow-form-field-label-above\" for=\"sow-contact-form-field-telefono-1\">\n\t\t\t\t<strong>\n\t\t\t\t\tTel\u00e9fono\t\t\t\t\t\t\t\t\t<\/strong>\n\t\t\t<\/label>\n\t\t\t\t\t\t\t<div class=\"sow-field-container\">\n\t\t\t\t\t\t\t<input\n\t\t\ttype=\"text\"\n\t\t\tname=\"telefono-1\"\n\t\t\tid=\"sow-contact-form-field-telefono-1\"\n\t\t\tvalue=\"\"\n\t\t\tclass=\"sow-text-field\"\n\t\t\t\t\t\t\t\t\/>\n\t\t\t\t\t\t<\/div>\n\t\t\t\t\t\t\t<\/div>\n\t\t\t\t\t\t<div class=\"sow-form-field sow-form-field-textarea\">\n\t\t\t\t<label class=\"sow-form-field-label-above\" for=\"sow-contact-form-field-cuentenos-el-favor-que-ha-recibido-1\">\n\t\t\t\t<strong>\n\t\t\t\t\tCu\u00e9ntenos el favor que ha recibido\t\t\t\t\t\t\t\t\t<\/strong>\n\t\t\t<\/label>\n\t\t\t\t\t\t\t<div class=\"sow-field-container\">\n\t\t\t\t\t\t\t<textarea\n\t\t\tname=\"cuentenos-el-favor-que-ha-recibido-1\"\n\t\t\tid=\"sow-contact-form-field-cuentenos-el-favor-que-ha-recibido-1\"\n\t\t\trows=\"10\"\n\t\t\t\t\t\t\t\t><\/textarea>\n\t\t\t\t\t\t<\/div>\n\t\t\t\t\t\t\t<\/div>\n\t\t\t\n\t\t\n\t\t<div class=\"sow-submit-wrapper \n\t\tsow-submit-styled\t\t\">\n\n\t\t\t<button\n\t\t\t\ttype=\"submit\"\n\t\t\t\tclass=\"sow-submit\n\t\t\t\t\t\t\t\t\"\n\t\t\t\t\t\t\t>\n\t\t\t\tContacta con nosotros\t\t\t<\/button>\n\t\t<\/div>\n\t\t\t\t<input\n\t\t\ttype=\"hidden\"\n\t\t\tname=\"instance_hash-1\"\n\t\t\tvalue=\"2d031fda\"\n\t\t\/>\n\n\t\t<input type=\"hidden\" id=\"_wpnonce\" name=\"_wpnonce\" value=\"9b14ca6ad8\" \/><input type=\"hidden\" name=\"_wp_http_referer\" value=\"\/index.php?rest_route=%2Fwp%2Fv2%2Fpages%2F458\" \/>\t<\/form>\n\t<\/div><\/div><\/div><div id=\"panel-458-5-1-1\" class=\"so-panel widget widget_sow-editor panel-last-child\" data-index=\"11\" ><div\n\t\t\t\n\t\t\tclass=\"so-widget-sow-editor so-widget-sow-editor-base\"\n\t\t\t\n\t\t>\n<div class=\"siteorigin-widget-tinymce textwidget\">\n\t<\/div>\n<\/div><\/div><\/div><\/div><\/div><div id=\"pg-458-6\"  class=\"panel-grid panel-no-style\" ><div id=\"pgc-458-6-0\"  class=\"panel-grid-cell\" ><div id=\"panel-458-6-0-0\" class=\"so-panel widget widget_headline-widget panel-first-child panel-last-child\" data-index=\"12\" >\t\t<h1>COLECCI\u00d3N DE BOLETINES PUBLICADOS<\/h1>\n\t\t<div class=\"decoration\"><div class=\"decoration-inside\"><\/div><\/div>\n\t\t<h3><\/h3>\n\t\t<\/div><\/div><\/div><div id=\"pg-458-7\"  class=\"panel-grid panel-no-style\" ><div id=\"pgc-458-7-0\"  class=\"panel-grid-cell\" ><div id=\"panel-458-7-0-0\" class=\"so-panel widget widget_sow-image panel-first-child panel-last-child\" data-index=\"13\" ><div\n\t\t\t\n\t\t\tclass=\"so-widget-sow-image so-widget-sow-image-default-6ec9e3772f75-458\"\n\t\t\t\n\t\t>\n<div class=\"sow-image-container\">\n\t\t\t<a href=\"https:\/\/mariaisabel.mdrurales.com\/wp-content\/uploads\/2025\/10\/BOLETIN-MARIA-ISABEL-No-6-1.pdf\"\n\t\t\ttarget=\"_blank\" rel=\"noopener noreferrer\" \t\t>\n\t\t\t<img \n\tsrc=\"https:\/\/mariaisabel.mdrurales.com\/wp-content\/uploads\/2025\/10\/Boletin-Causa-Beatificacion-jun2025_n6_1A.jpg\" width=\"1727\" height=\"1253\" srcset=\"https:\/\/mariaisabel.mdrurales.com\/wp-content\/uploads\/2025\/10\/Boletin-Causa-Beatificacion-jun2025_n6_1A.jpg 1727w, https:\/\/mariaisabel.mdrurales.com\/wp-content\/uploads\/2025\/10\/Boletin-Causa-Beatificacion-jun2025_n6_1A-300x218.jpg 300w, https:\/\/mariaisabel.mdrurales.com\/wp-content\/uploads\/2025\/10\/Boletin-Causa-Beatificacion-jun2025_n6_1A-1024x743.jpg 1024w, https:\/\/mariaisabel.mdrurales.com\/wp-content\/uploads\/2025\/10\/Boletin-Causa-Beatificacion-jun2025_n6_1A-768x557.jpg 768w, https:\/\/mariaisabel.mdrurales.com\/wp-content\/uploads\/2025\/10\/Boletin-Causa-Beatificacion-jun2025_n6_1A-1536x1114.jpg 1536w\" sizes=\"(max-width: 1727px) 100vw, 1727px\" title=\"Bolet\u00edn Causa Beatificaci\u00f3n jun2025_n6_1A\" alt=\"\" \t\tclass=\"so-widget-image\"\/>\n\t\t\t<\/a><\/div>\n\n<\/div><\/div><\/div><div id=\"pgc-458-7-1\"  class=\"panel-grid-cell\" ><div id=\"panel-458-7-1-0\" class=\"so-panel widget widget_sow-image panel-first-child panel-last-child\" data-index=\"14\" ><div\n\t\t\t\n\t\t\tclass=\"so-widget-sow-image so-widget-sow-image-default-6ec9e3772f75-458\"\n\t\t\t\n\t\t>\n<div class=\"sow-image-container\">\n\t\t\t<a href=\"https:\/\/mariaisabel.mdrurales.com\/wp-content\/uploads\/2024\/09\/BOLETIN-MARIA-ISABEL-No-5.pdf\"\n\t\t\ttarget=\"_blank\" rel=\"noopener noreferrer\" \t\t>\n\t\t\t<img \n\tsrc=\"https:\/\/mariaisabel.mdrurales.com\/wp-content\/uploads\/2024\/09\/BOLETIN-MARIA-ISABEL-No-5-titulo2.jpg\" width=\"1700\" height=\"1164\" srcset=\"https:\/\/mariaisabel.mdrurales.com\/wp-content\/uploads\/2024\/09\/BOLETIN-MARIA-ISABEL-No-5-titulo2.jpg 1700w, https:\/\/mariaisabel.mdrurales.com\/wp-content\/uploads\/2024\/09\/BOLETIN-MARIA-ISABEL-No-5-titulo2-300x205.jpg 300w, https:\/\/mariaisabel.mdrurales.com\/wp-content\/uploads\/2024\/09\/BOLETIN-MARIA-ISABEL-No-5-titulo2-1024x701.jpg 1024w, https:\/\/mariaisabel.mdrurales.com\/wp-content\/uploads\/2024\/09\/BOLETIN-MARIA-ISABEL-No-5-titulo2-768x526.jpg 768w, https:\/\/mariaisabel.mdrurales.com\/wp-content\/uploads\/2024\/09\/BOLETIN-MARIA-ISABEL-No-5-titulo2-1536x1052.jpg 1536w\" sizes=\"(max-width: 1700px) 100vw, 1700px\" title=\"BOLETIN MARIA ISABEL N\u00ba 5 titulo2\" alt=\"\" \t\tclass=\"so-widget-image\"\/>\n\t\t\t<\/a><\/div>\n\n<\/div><\/div><\/div><div id=\"pgc-458-7-2\"  class=\"panel-grid-cell\" ><div id=\"panel-458-7-2-0\" class=\"so-panel widget widget_sow-image panel-first-child panel-last-child\" data-index=\"15\" ><div\n\t\t\t\n\t\t\tclass=\"so-widget-sow-image so-widget-sow-image-default-8b5b6f678277-458\"\n\t\t\t\n\t\t>\n<div class=\"sow-image-container\">\n\t\t\t<a href=\"https:\/\/mariaisabel.mdrurales.com\/wp-content\/uploads\/2024\/09\/BOLETIN-MARIA-ISABEL-No-4.pdf\"\n\t\t\ttarget=\"_blank\" rel=\"noopener noreferrer\" \t\t>\n\t\t\t<img \n\tsrc=\"https:\/\/mariaisabel.mdrurales.com\/wp-content\/uploads\/2023\/09\/BOLETIN-MARIA-ISABEL-No-4.jpg\" width=\"1782\" height=\"1115\" srcset=\"https:\/\/mariaisabel.mdrurales.com\/wp-content\/uploads\/2023\/09\/BOLETIN-MARIA-ISABEL-No-4.jpg 1782w, https:\/\/mariaisabel.mdrurales.com\/wp-content\/uploads\/2023\/09\/BOLETIN-MARIA-ISABEL-No-4-300x188.jpg 300w, https:\/\/mariaisabel.mdrurales.com\/wp-content\/uploads\/2023\/09\/BOLETIN-MARIA-ISABEL-No-4-1024x641.jpg 1024w, https:\/\/mariaisabel.mdrurales.com\/wp-content\/uploads\/2023\/09\/BOLETIN-MARIA-ISABEL-No-4-768x481.jpg 768w, https:\/\/mariaisabel.mdrurales.com\/wp-content\/uploads\/2023\/09\/BOLETIN-MARIA-ISABEL-No-4-1536x961.jpg 1536w, https:\/\/mariaisabel.mdrurales.com\/wp-content\/uploads\/2023\/09\/BOLETIN-MARIA-ISABEL-No-4-436x272.jpg 436w\" sizes=\"(max-width: 1782px) 100vw, 1782px\" title=\"Revista Misioneras Rurales 2023_N4.indd\" alt=\"\" \t\tclass=\"so-widget-image\"\/>\n\t\t\t<\/a><\/div>\n\n<\/div><\/div><\/div><\/div><div id=\"pg-458-8\"  class=\"panel-grid panel-no-style\" ><div id=\"pgc-458-8-0\"  class=\"panel-grid-cell\" ><div id=\"panel-458-8-0-0\" class=\"so-panel widget widget_sow-image panel-first-child panel-last-child\" data-index=\"16\" ><div\n\t\t\t\n\t\t\tclass=\"so-widget-sow-image so-widget-sow-image-default-8b5b6f678277-458\"\n\t\t\t\n\t\t>\n<div class=\"sow-image-container\">\n\t\t\t<a href=\"https:\/\/mariaisabel.mdrurales.com\/wp-content\/uploads\/2024\/09\/Boletin-MARIA-ISABEL-no-3.pdf\"\n\t\t\ttarget=\"_blank\" rel=\"noopener noreferrer\" \t\t>\n\t\t\t<img \n\tsrc=\"https:\/\/mariaisabel.mdrurales.com\/wp-content\/uploads\/2023\/01\/Boletin-MARIA-ISABEL-no-3-1TITULO.jpg\" width=\"1748\" height=\"1118\" srcset=\"https:\/\/mariaisabel.mdrurales.com\/wp-content\/uploads\/2023\/01\/Boletin-MARIA-ISABEL-no-3-1TITULO.jpg 1748w, https:\/\/mariaisabel.mdrurales.com\/wp-content\/uploads\/2023\/01\/Boletin-MARIA-ISABEL-no-3-1TITULO-300x192.jpg 300w, https:\/\/mariaisabel.mdrurales.com\/wp-content\/uploads\/2023\/01\/Boletin-MARIA-ISABEL-no-3-1TITULO-1024x655.jpg 1024w, https:\/\/mariaisabel.mdrurales.com\/wp-content\/uploads\/2023\/01\/Boletin-MARIA-ISABEL-no-3-1TITULO-768x491.jpg 768w, https:\/\/mariaisabel.mdrurales.com\/wp-content\/uploads\/2023\/01\/Boletin-MARIA-ISABEL-no-3-1TITULO-1536x982.jpg 1536w\" sizes=\"(max-width: 1748px) 100vw, 1748px\" title=\"Boletin MARIA ISABEL n\u00ba 3-1TITULO\" alt=\"\" \t\tclass=\"so-widget-image\"\/>\n\t\t\t<\/a><\/div>\n\n<\/div><\/div><\/div><div id=\"pgc-458-8-1\"  class=\"panel-grid-cell\" ><div id=\"panel-458-8-1-0\" class=\"so-panel widget widget_sow-image panel-first-child panel-last-child\" data-index=\"17\" ><div\n\t\t\t\n\t\t\tclass=\"so-widget-sow-image so-widget-sow-image-default-8b5b6f678277-458\"\n\t\t\t\n\t\t>\n<div class=\"sow-image-container\">\n\t\t\t<a href=\"https:\/\/mariaisabel.mdrurales.com\/wp-content\/uploads\/2021\/09\/Maria-Isabel-no-2.pdf\"\n\t\t\ttarget=\"_blank\" rel=\"noopener noreferrer\" \t\t>\n\t\t\t<img \n\tsrc=\"https:\/\/mariaisabel.mdrurales.com\/wp-content\/uploads\/2021\/09\/boletin-MI-2.jpg\" width=\"800\" height=\"527\" srcset=\"https:\/\/mariaisabel.mdrurales.com\/wp-content\/uploads\/2021\/09\/boletin-MI-2.jpg 800w, https:\/\/mariaisabel.mdrurales.com\/wp-content\/uploads\/2021\/09\/boletin-MI-2-300x198.jpg 300w, https:\/\/mariaisabel.mdrurales.com\/wp-content\/uploads\/2021\/09\/boletin-MI-2-768x506.jpg 768w\" sizes=\"(max-width: 800px) 100vw, 800px\" title=\"boletin MI 2\" alt=\"\" \t\tclass=\"so-widget-image\"\/>\n\t\t\t<\/a><\/div>\n\n<\/div><\/div><\/div><div id=\"pgc-458-8-2\"  class=\"panel-grid-cell\" ><div id=\"panel-458-8-2-0\" class=\"so-panel widget widget_sow-image panel-first-child panel-last-child\" data-index=\"18\" ><div\n\t\t\t\n\t\t\tclass=\"so-widget-sow-image so-widget-sow-image-default-8b5b6f678277-458\"\n\t\t\t\n\t\t>\n<div class=\"sow-image-container\">\n\t\t\t<a href=\"https:\/\/mariaisabel.mdrurales.com\/wp-content\/uploads\/2024\/09\/BOLETIN-MARIA-ISABEL-No-1.pdf\"\n\t\t\ttarget=\"_blank\" rel=\"noopener noreferrer\" \t\t>\n\t\t\t<img \n\tsrc=\"https:\/\/mariaisabel.mdrurales.com\/wp-content\/uploads\/2021\/09\/boletin-MI1-e1641472627626.jpg\" width=\"427\" height=\"295\" srcset=\"https:\/\/mariaisabel.mdrurales.com\/wp-content\/uploads\/2021\/09\/boletin-MI1-e1641472627626.jpg 427w, https:\/\/mariaisabel.mdrurales.com\/wp-content\/uploads\/2021\/09\/boletin-MI1-e1641472627626-300x207.jpg 300w\" sizes=\"(max-width: 427px) 100vw, 427px\" title=\"boletin MI1\" alt=\"\" \t\tclass=\"so-widget-image\"\/>\n\t\t\t<\/a><\/div>\n\n<\/div><\/div><\/div><\/div><\/div>","protected":false},"excerpt":{"rendered":"<p>REZAR A MAR\u00cdA ISABEL ORACI\u00d3N PARA TRIDUO, NOVENA O PARA REZARLA DIARIAMENTE &nbsp; &nbsp; Oh Trinidad beat\u00edsima Padre, Hijo y Esp\u00edritu Santo. Os adoro y glorifico en uni\u00f3n de vuestra fiel sierva Mar\u00eda Isabel. Os doy gracias por los extraordinarios favores con que adornasteis su grande alma. Dignaos autorizar con gracias y milagros sus admirables [&hellip;]<\/p>\n","protected":false},"author":1,"featured_media":0,"parent":0,"menu_order":0,"comment_status":"closed","ping_status":"closed","template":"","meta":{"ngg_post_thumbnail":0,"footnotes":""},"class_list":["post-458","page","type-page","status-publish","hentry","post"],"_links":{"self":[{"href":"https:\/\/mariaisabel.mdrurales.com\/index.php?rest_route=\/wp\/v2\/pages\/458","targetHints":{"allow":["GET"]}}],"collection":[{"href":"https:\/\/mariaisabel.mdrurales.com\/index.php?rest_route=\/wp\/v2\/pages"}],"about":[{"href":"https:\/\/mariaisabel.mdrurales.com\/index.php?rest_route=\/wp\/v2\/types\/page"}],"author":[{"embeddable":true,"href":"https:\/\/mariaisabel.mdrurales.com\/index.php?rest_route=\/wp\/v2\/users\/1"}],"replies":[{"embeddable":true,"href":"https:\/\/mariaisabel.mdrurales.com\/index.php?rest_route=%2Fwp%2Fv2%2Fcomments&post=458"}],"version-history":[{"count":121,"href":"https:\/\/mariaisabel.mdrurales.com\/index.php?rest_route=\/wp\/v2\/pages\/458\/revisions"}],"predecessor-version":[{"id":2016,"href":"https:\/\/mariaisabel.mdrurales.com\/index.php?rest_route=\/wp\/v2\/pages\/458\/revisions\/2016"}],"wp:attachment":[{"href":"https:\/\/mariaisabel.mdrurales.com\/index.php?rest_route=%2Fwp%2Fv2%2Fmedia&parent=458"}],"curies":[{"name":"wp","href":"https:\/\/api.w.org\/{rel}","templated":true}]}}