{"id":559,"date":"2021-07-14T17:40:24","date_gmt":"2021-07-14T15:40:24","guid":{"rendered":"https:\/\/mariaisabel.mdrurales.com\/?page_id=559"},"modified":"2024-01-06T22:30:13","modified_gmt":"2024-01-06T21:30:13","slug":"pagina-de-inicio","status":"publish","type":"page","link":"https:\/\/mariaisabel.mdrurales.com\/","title":{"rendered":"P\u00e1gina de inicio"},"content":{"rendered":"<div id=\"pl-559\"  class=\"panel-layout\" ><div id=\"pg-559-0\"  class=\"panel-grid panel-no-style\" ><div id=\"pgc-559-0-0\"  class=\"panel-grid-cell\" ><div id=\"panel-559-0-0-0\" class=\"so-panel widget widget_siteorigin-panels-postloop panel-first-child panel-last-child\" data-index=\"0\" ><h3 class=\"widget-title\"><span class=\"vantage-carousel-title\"><span class=\"vantage-carousel-title-text\">Art\u00edculos y noticias<\/span><a href=\"#\" class=\"next\" title=\"Siguiente\"><span class=\"vantage-icon-arrow-right\"><\/span><\/a><a href=\"#\" class=\"previous\" title=\"Anterior\"><span class=\"vantage-icon-arrow-left\"><\/span><\/a><\/span><\/h3><div class=\"vantage-carousel-wrapper\">\n\t\n\t<ul\n\t\tclass=\"vantage-carousel\"\n\t\tdata-query=\"{&quot;post_status&quot;:&quot;publish&quot;,&quot;posts_per_page&quot;:6,&quot;post_type&quot;:&quot;post&quot;,&quot;tax_query_relation&quot;:&quot;OR&quot;,&quot;date_type&quot;:&quot;specific&quot;,&quot;date_query&quot;:{&quot;after&quot;:&quot;&quot;,&quot;before&quot;:&quot;&quot;,&quot;inclusive&quot;:true},&quot;date_query_relative&quot;:&quot;{\\&quot;from\\&quot;:{\\&quot;value\\&quot;:0,\\&quot;unit\\&quot;:\\&quot;days\\&quot;},\\&quot;to\\&quot;:{\\&quot;value\\&quot;:0,\\&quot;unit\\&quot;:\\&quot;days\\&quot;}}&quot;,&quot;orderby&quot;:&quot;date&quot;,&quot;order&quot;:&quot;DESC&quot;,&quot;post__not_in&quot;:[559,559],&quot;paged&quot;:1,&quot;fields&quot;:&quot;all&quot;,&quot;lazy_load_term_meta&quot;:true}\"\n\t\tdata-ajax-url=\"https:\/\/mariaisabel.mdrurales.com\/wp-admin\/admin-ajax.php?vantage_carousel_nonce=720a23c6a6\"\n\t>\n\t\t\t\t\t<li class=\"carousel-entry\">\n\t\t\t\t<div class=\"thumbnail\">\n\t\t\t\t\t\t\t\t\t\t\t<a href=\"https:\/\/mariaisabel.mdrurales.com\/?p=2144\" style=\"background-image: url(https:\/\/mariaisabel.mdrurales.com\/wp-content\/uploads\/2026\/04\/P.Arnaiz-1-pdf.jpg)\">\n\t\t\t\t\t\t<\/a>\n\t\t\t\t\t\t\t\t\t<\/div>\n\t\t\t\t\t\t\t\t<h3><a href=\"https:\/\/mariaisabel.mdrurales.com\/?p=2144\">Actos del Jubileo del P. Arnaiz &#8211; Segundo trimestre<\/a><\/h3>\n\t\t\t<\/li>\n\t\t\t\t\t<li class=\"carousel-entry\">\n\t\t\t\t<div class=\"thumbnail\">\n\t\t\t\t\t\t\t\t\t\t\t<a href=\"https:\/\/mariaisabel.mdrurales.com\/?p=2117\" style=\"background-image: url(https:\/\/mariaisabel.mdrurales.com\/wp-content\/uploads\/2026\/01\/Actos-P.A.-1o-trimestre-1-pdf.jpg)\">\n\t\t\t\t\t\t<\/a>\n\t\t\t\t\t\t\t\t\t<\/div>\n\t\t\t\t\t\t\t\t<h3><a href=\"https:\/\/mariaisabel.mdrurales.com\/?p=2117\">Actos del Jubileo del padre Arnaiz en el primer trimestre<\/a><\/h3>\n\t\t\t<\/li>\n\t\t\t\t\t<li class=\"carousel-entry\">\n\t\t\t\t<div class=\"thumbnail\">\n\t\t\t\t\t\t\t\t\t\t\t<a href=\"https:\/\/mariaisabel.mdrurales.com\/?p=2114\" style=\"background-image: url(https:\/\/mariaisabel.mdrurales.com\/wp-content\/uploads\/2026\/01\/articulos-269773-272x182.jpg)\">\n\t\t\t\t\t\t<\/a>\n\t\t\t\t\t\t\t\t\t<\/div>\n\t\t\t\t\t\t\t\t<h3><a href=\"https:\/\/mariaisabel.mdrurales.com\/?p=2114\">Inaugurado el Jubileo por el beato Tiburcio Arnaiz en la Di\u00f3cesis de M\u00e1laga<\/a><\/h3>\n\t\t\t<\/li>\n\t\t\t\t\t<li class=\"carousel-entry\">\n\t\t\t\t<div class=\"thumbnail\">\n\t\t\t\t\t\t\t\t\t\t\t<a href=\"https:\/\/mariaisabel.mdrurales.com\/?p=2087\" style=\"background-image: url(https:\/\/mariaisabel.mdrurales.com\/wp-content\/uploads\/2025\/10\/Presentacion1-3-272x182.jpg)\">\n\t\t\t\t\t\t<\/a>\n\t\t\t\t\t\t\t\t\t<\/div>\n\t\t\t\t\t\t\t\t<h3><a href=\"https:\/\/mariaisabel.mdrurales.com\/?p=2087\">La Casa de la Iglesia de Asidonia-Jerez acoge la presentaci\u00f3n de la primera biograf\u00eda de M\u00aa Isabel Gonz\u00e1lez del Valle<\/a><\/h3>\n\t\t\t<\/li>\n\t\t\t\t\t<li class=\"carousel-entry\">\n\t\t\t\t<div class=\"thumbnail\">\n\t\t\t\t\t\t\t\t\t\t\t<a href=\"https:\/\/mariaisabel.mdrurales.com\/?p=2075\" style=\"background-image: url(https:\/\/mariaisabel.mdrurales.com\/wp-content\/uploads\/2025\/10\/Presentacion3-1-272x182.jpg)\">\n\t\t\t\t\t\t<\/a>\n\t\t\t\t\t\t\t\t\t<\/div>\n\t\t\t\t\t\t\t\t<h3><a href=\"https:\/\/mariaisabel.mdrurales.com\/?p=2075\">Un libro en homenaje a \u00abuna ovetense entregada a Dios\u00bb<\/a><\/h3>\n\t\t\t<\/li>\n\t\t\t\t\t<li class=\"carousel-entry\">\n\t\t\t\t<div class=\"thumbnail\">\n\t\t\t\t\t\t\t\t\t\t\t<a href=\"https:\/\/mariaisabel.mdrurales.com\/?p=2072\" style=\"background-image: url(https:\/\/mariaisabel.mdrurales.com\/wp-content\/uploads\/2025\/10\/Presentacion2-1-272x182.jpg)\">\n\t\t\t\t\t\t<\/a>\n\t\t\t\t\t\t\t\t\t<\/div>\n\t\t\t\t\t\t\t\t<h3><a href=\"https:\/\/mariaisabel.mdrurales.com\/?p=2072\">Mar\u00eda Isabel Gonz\u00e1lez del Valle, la ovetense que hizo misi\u00f3n en Andaluc\u00eda<\/a><\/h3>\n\t\t\t<\/li>\n\t\t\t<\/ul>\n<\/div>\n<\/div><\/div><div id=\"pgc-559-0-1\"  class=\"panel-grid-cell panel-grid-cell-empty\" ><\/div><div id=\"pgc-559-0-2\"  class=\"panel-grid-cell\" ><div id=\"panel-559-0-2-0\" class=\"so-panel widget widget_sow-social-media-buttons panel-first-child\" data-index=\"1\" ><div\n\t\t\t\n\t\t\tclass=\"so-widget-sow-social-media-buttons so-widget-sow-social-media-buttons-wire-18515aa58064-2072\"\n\t\t\t\n\t\t>\n\n<div class=\"social-media-button-container\">\n\t<\/div>\n<\/div><\/div><div id=\"panel-559-0-2-1\" class=\"so-panel widget widget_sow-social-media-buttons\" data-index=\"2\" ><div\n\t\t\t\n\t\t\tclass=\"so-widget-sow-social-media-buttons so-widget-sow-social-media-buttons-wire-18515aa58064-2072\"\n\t\t\t\n\t\t>\n\n<div class=\"social-media-button-container\">\n\t<\/div>\n<\/div><\/div><div id=\"panel-559-0-2-2\" class=\"so-panel widget widget_sow-social-media-buttons panel-last-child\" data-index=\"3\" ><div\n\t\t\t\n\t\t\tclass=\"so-widget-sow-social-media-buttons so-widget-sow-social-media-buttons-wire-3290ee59baf1-2072\"\n\t\t\t\n\t\t>\n<h3 class=\"widget-title\">NOVENA a MAR\u00cdA ISABEL<\/h3>\n<div class=\"social-media-button-container\">\n\t\n\t\t<a \n\t\tclass=\"ow-button-hover sow-social-media-button-youtube-0 sow-social-media-button\" title=\"NOVENA MI -YOUTUBE\" aria-label=\"NOVENA MI -YOUTUBE\" target=\"_blank\" rel=\"noopener noreferrer\" href=\"https:\/\/www.youtube.com\/watch?v=QZcrEzuW7E4\" \t\t>\n\t\t\t<span>\n\t\t\t\t\t\t\t\t<span class=\"sow-icon-fontawesome sow-fab\" data-sow-icon=\"&#xf167;\"\n\t\t \n\t\taria-hidden=\"true\"><\/span>\t\t\t\t\t\t\t<\/span>\n\t\t<\/a>\n\t<\/div>\n<\/div><\/div><\/div><\/div><div id=\"pg-559-1\"  class=\"panel-grid panel-has-style\" ><div class=\"wide-grey panel-row-style panel-row-style-for-559-1\" ><div id=\"pgc-559-1-0\"  class=\"panel-grid-cell\" ><div id=\"panel-559-1-0-0\" class=\"so-panel widget widget_sow-image panel-first-child\" data-index=\"4\" ><div\n\t\t\t\n\t\t\tclass=\"so-widget-sow-image so-widget-sow-image-default-113ccd71f3e6-2072\"\n\t\t\t\n\t\t>\n<div class=\"sow-image-container\">\n\t\t\t<a href=\"https:\/\/mariaisabel.mdrurales.com\/?page_id=703\"\n\t\t\t\t\t>\n\t\t\t<img \n\tsrc=\"https:\/\/mariaisabel.mdrurales.com\/wp-content\/uploads\/2021\/01\/5.-MI-alrededor-de-1909-1-scaled-e1630160279618-208x300.jpg\" width=\"208\" height=\"300\" srcset=\"https:\/\/mariaisabel.mdrurales.com\/wp-content\/uploads\/2021\/01\/5.-MI-alrededor-de-1909-1-scaled-e1630160279618-208x300.jpg 208w, https:\/\/mariaisabel.mdrurales.com\/wp-content\/uploads\/2021\/01\/5.-MI-alrededor-de-1909-1-scaled-e1630160279618-710x1024.jpg 710w, https:\/\/mariaisabel.mdrurales.com\/wp-content\/uploads\/2021\/01\/5.-MI-alrededor-de-1909-1-scaled-e1630160279618-768x1107.jpg 768w, https:\/\/mariaisabel.mdrurales.com\/wp-content\/uploads\/2021\/01\/5.-MI-alrededor-de-1909-1-scaled-e1630160279618.jpg 972w\" sizes=\"(max-width: 208px) 100vw, 208px\" title=\"VIDA\" alt=\"\" \t\tclass=\"so-widget-image\"\/>\n\t\t\t<\/a><\/div>\n\n<\/div><\/div><div id=\"panel-559-1-0-1\" class=\"so-panel widget widget_headline-widget panel-last-child\" data-index=\"5\" ><div class=\"panel-widget-style panel-widget-style-for-559-1-0-1\" >\t\t<h1>PINCELADAS DE SU VIDA<\/h1>\n\t\t<div class=\"decoration\"><div class=\"decoration-inside\"><\/div><\/div>\n\t\t<h3>Cronolog\u00eda de los acontecimientos m\u00e1s sobresalientes de su perfil biogr\u00e1fico.<\/h3>\n\t\t<\/div><\/div><\/div><div id=\"pgc-559-1-1\"  class=\"panel-grid-cell\" ><div id=\"panel-559-1-1-0\" class=\"so-panel widget widget_sow-image panel-first-child\" data-index=\"6\" ><div\n\t\t\t\n\t\t\tclass=\"so-widget-sow-image so-widget-sow-image-default-113ccd71f3e6-2072\"\n\t\t\t\n\t\t>\n<div class=\"sow-image-container\">\n\t\t\t<a href=\"https:\/\/mariaisabel.mdrurales.com\/?page_id=230\"\n\t\t\t\t\t>\n\t\t\t<img \n\tsrc=\"https:\/\/mariaisabel.mdrurales.com\/wp-content\/uploads\/2021\/08\/MI-ESC-1.1.4-Voto-de-pobreza-1928_1-218x300.jpg\" width=\"218\" height=\"300\" srcset=\"https:\/\/mariaisabel.mdrurales.com\/wp-content\/uploads\/2021\/08\/MI-ESC-1.1.4-Voto-de-pobreza-1928_1-218x300.jpg 218w, https:\/\/mariaisabel.mdrurales.com\/wp-content\/uploads\/2021\/08\/MI-ESC-1.1.4-Voto-de-pobreza-1928_1-743x1024.jpg 743w, https:\/\/mariaisabel.mdrurales.com\/wp-content\/uploads\/2021\/08\/MI-ESC-1.1.4-Voto-de-pobreza-1928_1-768x1058.jpg 768w, https:\/\/mariaisabel.mdrurales.com\/wp-content\/uploads\/2021\/08\/MI-ESC-1.1.4-Voto-de-pobreza-1928_1-1115x1536.jpg 1115w, https:\/\/mariaisabel.mdrurales.com\/wp-content\/uploads\/2021\/08\/MI-ESC-1.1.4-Voto-de-pobreza-1928_1-1487x2048.jpg 1487w, https:\/\/mariaisabel.mdrurales.com\/wp-content\/uploads\/2021\/08\/MI-ESC-1.1.4-Voto-de-pobreza-1928_1-scaled.jpg 1859w\" sizes=\"(max-width: 218px) 100vw, 218px\" title=\"ESCRITOS ESPIRITUALES\" alt=\"\" \t\tclass=\"so-widget-image\"\/>\n\t\t\t<\/a><\/div>\n\n<\/div><\/div><div id=\"panel-559-1-1-1\" class=\"so-panel widget widget_headline-widget panel-last-child\" data-index=\"7\" >\t\t<h1>ESCRITOS ESPIRITUALES<\/h1>\n\t\t<div class=\"decoration\"><div class=\"decoration-inside\"><\/div><\/div>\n\t\t<h3>Pensamientos, Cartas, Consagraciones que reflejan su uni\u00f3n con Dios Nuestro Se\u00f1or.<\/h3>\n\t\t<\/div><\/div><div id=\"pgc-559-1-2\"  class=\"panel-grid-cell\" ><div id=\"panel-559-1-2-0\" class=\"so-panel widget widget_sow-image panel-first-child\" data-index=\"8\" ><div\n\t\t\t\n\t\t\tclass=\"so-widget-sow-image so-widget-sow-image-default-113ccd71f3e6-2072\"\n\t\t\t\n\t\t>\n<div class=\"sow-image-container\">\n\t\t\t<a href=\"https:\/\/mariaisabel.mdrurales.com\/?page_id=233\"\n\t\t\t\t\t>\n\t\t\t<img \n\tsrc=\"https:\/\/mariaisabel.mdrurales.com\/wp-content\/uploads\/2021\/09\/triptico-antiguo-MDR0005-CORT-2-194x300.jpg\" width=\"194\" height=\"300\" srcset=\"https:\/\/mariaisabel.mdrurales.com\/wp-content\/uploads\/2021\/09\/triptico-antiguo-MDR0005-CORT-2-194x300.jpg 194w, https:\/\/mariaisabel.mdrurales.com\/wp-content\/uploads\/2021\/09\/triptico-antiguo-MDR0005-CORT-2-663x1024.jpg 663w, https:\/\/mariaisabel.mdrurales.com\/wp-content\/uploads\/2021\/09\/triptico-antiguo-MDR0005-CORT-2-768x1187.jpg 768w, https:\/\/mariaisabel.mdrurales.com\/wp-content\/uploads\/2021\/09\/triptico-antiguo-MDR0005-CORT-2-994x1536.jpg 994w, https:\/\/mariaisabel.mdrurales.com\/wp-content\/uploads\/2021\/09\/triptico-antiguo-MDR0005-CORT-2-1325x2048.jpg 1325w, https:\/\/mariaisabel.mdrurales.com\/wp-content\/uploads\/2021\/09\/triptico-antiguo-MDR0005-CORT-2-scaled.jpg 1657w\" sizes=\"(max-width: 194px) 100vw, 194px\" title=\"OBRA DE LAS DOCTRINAS RURALES\" alt=\"\" \t\tclass=\"so-widget-image\"\/>\n\t\t\t<\/a><\/div>\n\n<\/div><\/div><div id=\"panel-559-1-2-1\" class=\"so-panel widget widget_headline-widget panel-last-child\" data-index=\"9\" >\t\t<h1>LAS DOCTRINAS RURALES<\/h1>\n\t\t<div class=\"decoration\"><div class=\"decoration-inside\"><\/div><\/div>\n\t\t<h3>Fundadas por el P. Arnaiz y Mar\u00eda Isabel perviven hoy en las Misioneras de las Doctrinas Rurales.<\/h3>\n\t\t<\/div><\/div><\/div><\/div><div id=\"pg-559-2\"  class=\"panel-grid panel-has-style\" ><div class=\"panel-row-style panel-row-style-for-559-2\" ><div id=\"pgc-559-2-0\"  class=\"panel-grid-cell\" ><div id=\"panel-559-2-0-0\" class=\"so-panel widget widget_sow-hero panel-first-child panel-last-child\" data-index=\"10\" ><div\n\t\t\t\n\t\t\tclass=\"so-widget-sow-hero so-widget-sow-hero-default-6e283e92799f-2072 so-widget-fittext-wrapper\"\n\t\t\t data-fit-text-compressor=\"0.85\"\n\t\t>\t\t\t\t<div class=\"sow-slider-base\" style=\"display: none\" tabindex=\"0\">\n\t\t\t\t\t<ul\n\t\t\t\t\tclass=\"sow-slider-images\"\n\t\t\t\t\tdata-settings=\"{&quot;pagination&quot;:true,&quot;speed&quot;:800,&quot;timeout&quot;:8000,&quot;paused&quot;:false,&quot;pause_on_hover&quot;:false,&quot;swipe&quot;:true,&quot;nav_always_show_desktop&quot;:&quot;&quot;,&quot;nav_always_show_mobile&quot;:&quot;&quot;,&quot;breakpoint&quot;:&quot;780px&quot;,&quot;unmute&quot;:false,&quot;anchor&quot;:null}\"\n\t\t\t\t\t\t\t\t\t\tdata-anchor-id=\"\"\n\t\t\t\t>\t\t<li class=\"sow-slider-image  sow-slider-image-cover\" style=\"visibility: visible;;background-color: #333333;background-image: url(https:\/\/mariaisabel.mdrurales.com\/wp-content\/uploads\/2022\/01\/Recordatorio-del-Ano-Jubilar-retoc-interior.jpg)\" >\n\t\t\t\t\t<div class=\"sow-slider-image-container\">\n\t\t\t<div class=\"sow-slider-image-wrapper\">\n\t\t\t\t<p>&nbsp;<\/p>\n<p>&nbsp;<\/p>\n\t\t\t<\/div>\n\t\t<\/div>\n\t\t\t\t<\/li>\n\t\t<\/ul>\t\t\t\t<ol class=\"sow-slider-pagination\">\n\t\t\t\t\t\t\t\t\t\t\t<li><a href=\"#\" data-goto=\"0\" aria-label=\"mostrar diapositiva 1\"><\/a><\/li>\n\t\t\t\t\t\t\t\t\t<\/ol>\n\n\t\t\t\t<div class=\"sow-slide-nav sow-slide-nav-next\">\n\t\t\t\t\t<a href=\"#\" data-goto=\"next\" aria-label=\"diapositiva siguiente\" data-action=\"next\">\n\t\t\t\t\t\t<em class=\"sow-sld-icon-thin-right\"><\/em>\n\t\t\t\t\t<\/a>\n\t\t\t\t<\/div>\n\n\t\t\t\t<div class=\"sow-slide-nav sow-slide-nav-prev\">\n\t\t\t\t\t<a href=\"#\" data-goto=\"previous\" aria-label=\"diapositiva anterior\" data-action=\"prev\">\n\t\t\t\t\t\t<em class=\"sow-sld-icon-thin-left\"><\/em>\n\t\t\t\t\t<\/a>\n\t\t\t\t<\/div>\n\t\t\t\t<\/div><\/div><\/div><\/div><div id=\"pgc-559-2-1\"  class=\"panel-grid-cell\" ><div id=\"panel-559-2-1-0\" class=\"so-panel widget widget_sow-headline panel-first-child panel-last-child\" data-index=\"11\" ><div\n\t\t\t\n\t\t\tclass=\"so-widget-sow-headline so-widget-sow-headline-default-eb58c90b4a68-2072\"\n\t\t\t\n\t\t><div class=\"sow-headline-container \">\n\t\t\t\t\t\t\t<h2 class=\"sow-headline\">\n\t\t\t\t\t\t\u00bfCOMO COMENZARON LAS DOCTRINAS RURALES?\t\t\t\t\t\t<\/h2>\n\t\t\t\t\t\t\t\t\t\t\t<div class=\"decoration\">\n\t\t\t\t\t\t<div class=\"decoration-inside\"><\/div>\n\t\t\t\t\t<\/div>\n\t\t\t\t\t<\/div>\n<\/div><\/div><\/div><div id=\"pgc-559-2-2\"  class=\"panel-grid-cell\" ><div id=\"panel-559-2-2-0\" class=\"so-panel widget widget_media_video panel-first-child panel-last-child\" data-index=\"12\" ><div class=\"panel-widget-style panel-widget-style-for-559-2-2-0\" ><div style=\"width:100%;\" class=\"wp-video\"><video class=\"wp-video-shortcode\" id=\"video-2072-1\" preload=\"metadata\" controls=\"controls\"><source type=\"video\/youtube\" src=\"https:\/\/youtu.be\/uXnZ81_IOq8?_=1\" \/><a href=\"https:\/\/youtu.be\/uXnZ81_IOq8\">https:\/\/youtu.be\/uXnZ81_IOq8<\/a><\/video><\/div><\/div><\/div><\/div><\/div><\/div><div id=\"pg-559-3\"  class=\"panel-grid panel-no-style\" ><div id=\"pgc-559-3-0\"  class=\"panel-grid-cell\" ><div id=\"panel-559-3-0-0\" class=\"so-panel widget widget_sow-headline panel-first-child\" data-index=\"13\" ><div class=\"panel-widget-style panel-widget-style-for-559-3-0-0\" ><div\n\t\t\t\n\t\t\tclass=\"so-widget-sow-headline so-widget-sow-headline-default-0e8a7abf61f1-2072\"\n\t\t\t\n\t\t><div class=\"sow-headline-container \">\n\t\t\t\t\t\t\t<h1 class=\"sow-headline\">\n\t\t\t\t\t\t\t\t\t\t\t\t\t<a href=\"https:\/\/mariaisabel.mdrurales.com\/?page_id=458\" >\n\t\t\t\t\t\t\t\tReza a Mar\u00eda Isabel<\/a>\t\t\t\t\t\t<\/h1>\n\t\t\t\t\t\t\t\t\t\t\t\t<p class=\"sow-sub-headline\">\n\t\t\t\t\t\thaciendo un tr\u00edduo, o  una novena, o encomend\u00e1ndote a ella diariamente\t\t\t\t\t\t<\/p>\n\t\t\t\t\t\t<\/div>\n<\/div><\/div><\/div><div id=\"panel-559-3-0-1\" class=\"so-panel widget widget_sow-headline panel-last-child\" data-index=\"14\" ><div class=\"panel-widget-style panel-widget-style-for-559-3-0-1\" ><div\n\t\t\t\n\t\t\tclass=\"so-widget-sow-headline so-widget-sow-headline-default-360ee6a72feb-2072 so-widget-fittext-wrapper\"\n\t\t\t data-fit-text-compressor=\"0.85\"\n\t\t><div class=\"sow-headline-container \">\n\t\t\t\t\t\t\t<h2 class=\"sow-headline\">\n\t\t\t\t\t\t\t\t\t\t\t\t\t<a href=\"https:\/\/mariaisabel.mdrurales.com\/?page_id=912\" >\n\t\t\t\t\t\t\t\tEscr\u00edbanos<\/a>\t\t\t\t\t\t<\/h2>\n\t\t\t\t\t\t\t\t\t\t\t\t<p class=\"sow-sub-headline\">\n\t\t\t\t\t\tSi ha recibido alguna gracia o favor por intercesi\u00f3n de Mar\u00eda Isabel, es muy importante para la Causa.\t\t\t\t\t\t<\/p>\n\t\t\t\t\t\t<\/div>\n<\/div><\/div><\/div><\/div><\/div><\/div>","protected":false},"excerpt":{"rendered":"<p>Art\u00edculos y noticias Actos del Jubileo del P. Arnaiz &#8211; Segundo trimestre Actos del Jubileo del padre Arnaiz en el primer trimestre Inaugurado el Jubileo por el beato Tiburcio Arnaiz en la Di\u00f3cesis de M\u00e1laga La Casa de la Iglesia de Asidonia-Jerez acoge la presentaci\u00f3n de la primera biograf\u00eda de M\u00aa Isabel Gonz\u00e1lez del Valle [&hellip;]<\/p>\n","protected":false},"author":1,"featured_media":0,"parent":0,"menu_order":0,"comment_status":"closed","ping_status":"closed","template":"home-panels.php","meta":{"ngg_post_thumbnail":0,"footnotes":""},"class_list":["post-559","page","type-page","status-publish","hentry","post"],"_links":{"self":[{"href":"https:\/\/mariaisabel.mdrurales.com\/index.php?rest_route=\/wp\/v2\/pages\/559","targetHints":{"allow":["GET"]}}],"collection":[{"href":"https:\/\/mariaisabel.mdrurales.com\/index.php?rest_route=\/wp\/v2\/pages"}],"about":[{"href":"https:\/\/mariaisabel.mdrurales.com\/index.php?rest_route=\/wp\/v2\/types\/page"}],"author":[{"embeddable":true,"href":"https:\/\/mariaisabel.mdrurales.com\/index.php?rest_route=\/wp\/v2\/users\/1"}],"replies":[{"embeddable":true,"href":"https:\/\/mariaisabel.mdrurales.com\/index.php?rest_route=%2Fwp%2Fv2%2Fcomments&post=559"}],"version-history":[{"count":182,"href":"https:\/\/mariaisabel.mdrurales.com\/index.php?rest_route=\/wp\/v2\/pages\/559\/revisions"}],"predecessor-version":[{"id":1859,"href":"https:\/\/mariaisabel.mdrurales.com\/index.php?rest_route=\/wp\/v2\/pages\/559\/revisions\/1859"}],"wp:attachment":[{"href":"https:\/\/mariaisabel.mdrurales.com\/index.php?rest_route=%2Fwp%2Fv2%2Fmedia&parent=559"}],"curies":[{"name":"wp","href":"https:\/\/api.w.org\/{rel}","templated":true}]}}